{"id":2,"date":"2017-10-04T22:31:33","date_gmt":"2017-10-04T20:31:33","guid":{"rendered":"http:\/\/akhiam.org\/tourisme\/?page_id=2"},"modified":"2018-04-13T00:55:01","modified_gmt":"2018-04-12T22:55:01","slug":"page-d-exemple","status":"publish","type":"page","link":"https:\/\/akhiam.org\/tourisme\/","title":{"rendered":"Potentalit\u00e9s"},"content":{"rendered":"<p>\r\n\t\t\t\t\t\n\r\n\t\t\t\t\t<!-- START UNITE GALLERY LITE 1.7.56 -->\r\n\t\t\t\t\t\r\n\t\t\t\t\n\t\t\t<div id='unitegallery_1_1' class='unite-gallery' style='margin:0px auto;'>\n\t\t\t\t\n\n\t\t\t\t\t\t<img alt=\"versgrote\"\n\t\t\t\t\t\t     src=\"https:\/\/akhiam.org\/tourisme\/wp-content\/uploads\/2017\/10\/versgrote.jpg\" data-image=\"https:\/\/akhiam.org\/tourisme\/wp-content\/uploads\/2017\/10\/versgrote.jpg\"\n\t\t\t\t\t\t     title=\"\"\n\t\t\t\t\t\t     style=\"display:none\">\n\n\t\t\t\t\t\t<img alt=\"tizlit\"\n\t\t\t\t\t\t     src=\"https:\/\/akhiam.org\/tourisme\/wp-content\/uploads\/2017\/10\/tizlit-300x169.jpg\" data-image=\"https:\/\/akhiam.org\/tourisme\/wp-content\/uploads\/2017\/10\/tizlit.jpg\"\n\t\t\t\t\t\t     title=\"\"\n\t\t\t\t\t\t     style=\"display:none\">\n\n\t\t\t\t\t\t<img alt=\"print\"\n\t\t\t\t\t\t     src=\"https:\/\/akhiam.org\/tourisme\/wp-content\/uploads\/2017\/10\/print-300x127.jpg\" data-image=\"https:\/\/akhiam.org\/tourisme\/wp-content\/uploads\/2017\/10\/print.jpg\"\n\t\t\t\t\t\t     title=\"\"\n\t\t\t\t\t\t     style=\"display:none\">\n\n\t\t\t\t\t\t<img alt=\"kasbah\"\n\t\t\t\t\t\t     src=\"https:\/\/akhiam.org\/tourisme\/wp-content\/uploads\/2017\/10\/kasbah.jpg\" data-image=\"https:\/\/akhiam.org\/tourisme\/wp-content\/uploads\/2017\/10\/kasbah.jpg\"\n\t\t\t\t\t\t     title=\"\"\n\t\t\t\t\t\t     style=\"display:none\">\n\n\t\t\t\t\t\t<img alt=\"imilchil\"\n\t\t\t\t\t\t     src=\"https:\/\/akhiam.org\/tourisme\/wp-content\/uploads\/2017\/10\/imilchil.jpg\" data-image=\"https:\/\/akhiam.org\/tourisme\/wp-content\/uploads\/2017\/10\/imilchil.jpg\"\n\t\t\t\t\t\t     title=\"\"\n\t\t\t\t\t\t     style=\"display:none\">\n\n\t\t\t\t\t\t<img alt=\"grote4\"\n\t\t\t\t\t\t     src=\"https:\/\/akhiam.org\/tourisme\/wp-content\/uploads\/2017\/10\/grote4.jpg\" data-image=\"https:\/\/akhiam.org\/tourisme\/wp-content\/uploads\/2017\/10\/grote4.jpg\"\n\t\t\t\t\t\t     title=\"\"\n\t\t\t\t\t\t     style=\"display:none\">\n\n\t\t\t\t\t\t<img alt=\"grote3\"\n\t\t\t\t\t\t     src=\"https:\/\/akhiam.org\/tourisme\/wp-content\/uploads\/2017\/10\/grote3.jpg\" data-image=\"https:\/\/akhiam.org\/tourisme\/wp-content\/uploads\/2017\/10\/grote3.jpg\"\n\t\t\t\t\t\t     title=\"\"\n\t\t\t\t\t\t     style=\"display:none\">\n\n\t\t\t\t\t\t<img alt=\"grote2\"\n\t\t\t\t\t\t     src=\"https:\/\/akhiam.org\/tourisme\/wp-content\/uploads\/2017\/10\/grote2.jpg\" data-image=\"https:\/\/akhiam.org\/tourisme\/wp-content\/uploads\/2017\/10\/grote2.jpg\"\n\t\t\t\t\t\t     title=\"\"\n\t\t\t\t\t\t     style=\"display:none\">\n\n\t\t\t\t\t\t<img alt=\"grote\"\n\t\t\t\t\t\t     src=\"https:\/\/akhiam.org\/tourisme\/wp-content\/uploads\/2017\/10\/grote.jpg\" data-image=\"https:\/\/akhiam.org\/tourisme\/wp-content\/uploads\/2017\/10\/grote.jpg\"\n\t\t\t\t\t\t     title=\"\"\n\t\t\t\t\t\t     style=\"display:none\">\n\n\t\t\t\t\t\t<img alt=\"coop_pom1\"\n\t\t\t\t\t\t     src=\"https:\/\/akhiam.org\/tourisme\/wp-content\/uploads\/2017\/10\/coop_pom1.jpg\" data-image=\"https:\/\/akhiam.org\/tourisme\/wp-content\/uploads\/2017\/10\/coop_pom1.jpg\"\n\t\t\t\t\t\t     title=\"\"\n\t\t\t\t\t\t     style=\"display:none\">\n\n\t\t\t\t\t\t<img alt=\"cigon\"\n\t\t\t\t\t\t     src=\"https:\/\/akhiam.org\/tourisme\/wp-content\/uploads\/2017\/10\/cigon.jpg\" data-image=\"https:\/\/akhiam.org\/tourisme\/wp-content\/uploads\/2017\/10\/cigon.jpg\"\n\t\t\t\t\t\t     title=\"\"\n\t\t\t\t\t\t     style=\"display:none\">\n\n\t\t\t\t\t\t<img alt=\"parapente\"\n\t\t\t\t\t\t     src=\"https:\/\/akhiam.org\/tourisme\/wp-content\/uploads\/2017\/10\/parapente-300x137.jpg\" data-image=\"https:\/\/akhiam.org\/tourisme\/wp-content\/uploads\/2017\/10\/parapente.jpg\"\n\t\t\t\t\t\t     title=\"\"\n\t\t\t\t\t\t     style=\"display:none\">\n\t\t\t<\/div>\n\n\t\t\t<script type='text\/javascript'>\n\t\t\t\twindow.onload = function(e) {\n\t\t\t\t\tif(typeof ugCheckForErrors == \"undefined\"){\n\t\t\t\t\t\tdocument.getElementById(\"unitegallery_1_1\").innerHTML = \"<span style='color:red'>Unite Gallery Error - gallery js and css files not included in the footer. Please make sure that wp_footer() function is added to your theme.<\/span>\";}\n\t\t\t\t\telse{ ugCheckForErrors(\"unitegallery_1_1\", \"jquery\");}\n\t\t\t\t};\n\t\t\t<\/script>\n\n\t\t\t<!-- END UNITEGALLERY LITE--><\/p>\n<p style=\"margin-bottom: .0001pt; line-height: normal; text-autospace: none;\"><span style=\"font-size: 16.0pt; font-family: Gabriola;\">\u00a0<\/span><span style=\"font-size: 16.0pt; font-family: Gabriola;\">La r\u00e9gion <strong>d\u2019Imilchil<\/strong> est une vall\u00e9e de montagnes, situ\u00e9e \u00e0 une altitude moyenne de 2\u2019300 m\u00e8tres. Imilchil est constitu\u00e9 de 5 communes qui est la plus petite\u00a0\u00a0unit\u00e9 administrative publique qui est responsable des services sociaux.<\/span><\/p>\n<table>\n<tbody>\n<tr style=\"height: 10.15pt;\">\n<td style=\"border: solid windowtext 1.0pt; background: #FABF8F; padding: 0cm 1.5pt 0cm 1.5pt; height: 10.15pt;\" colspan=\"3\">\n<p style=\"margin-bottom: 0.0001pt; line-height: normal; text-align: center;\"><strong><span style=\"font-size: 12.0pt; font-family: 'Sakkal Majalla'; color: black;\">Population legale des communes d\u2019Imilchil selon le recensement 2014<\/span><\/strong><\/p>\n<\/td>\n<\/tr>\n<tr style=\"height: 10.15pt;\">\n<td style=\"border: solid windowtext 1.0pt; border-top: none; background: #8DB3E2; padding: 0cm 1.5pt 0cm 1.5pt; height: 10.15pt;\">\n<p style=\"margin-bottom: .0001pt; text-align: center; line-height: normal;\"><strong><span style=\"font-size: 12.0pt; font-family: 'Sakkal Majalla'; color: black;\">Nom des Communes<\/span><\/strong><\/p>\n<\/td>\n<td style=\"border-top: none; border-left: none; border-bottom: solid windowtext 1.0pt; border-right: solid windowtext 1.0pt; background: #8DB3E2; padding: 0cm 1.5pt 0cm 1.5pt; height: 10.15pt;\">\n<p style=\"margin-bottom: 0.0001pt; line-height: normal; text-align: center;\"><strong><span style=\"font-size: 12.0pt; font-family: 'Sakkal Majalla'; color: black;\">Menage<\/span><\/strong><\/p>\n<\/td>\n<td style=\"border-top: none; border-left: none; border-bottom: solid windowtext 1.0pt; border-right: solid windowtext 1.0pt; background: #8DB3E2; padding: 0cm 1.5pt 0cm 1.5pt; height: 10.15pt;\">\n<p style=\"margin-bottom: 0.0001pt; line-height: normal; text-align: center;\"><strong><span style=\"font-size: 12.0pt; font-family: 'Sakkal Majalla'; color: black;\">Population<\/span><\/strong><\/p>\n<\/td>\n<\/tr>\n<tr style=\"height: 17.15pt;\">\n<td style=\"border: solid windowtext 1.0pt; border-top: none; background: #C2D69B; padding: 0cm 3.5pt 0cm 3.5pt; height: 17.15pt;\">\n<p style=\"margin-bottom: .0001pt; text-align: center; text-indent: 12.05pt; line-height: normal;\"><strong><span style=\"font-size: 12.0pt; font-family: 'Sakkal Majalla'; color: black;\">Total \u00a0Cercle : Imilchil<\/span><\/strong><\/p>\n<\/td>\n<td style=\"border-top: none; border-left: none; border-bottom: solid windowtext 1.0pt; border-right: solid windowtext 1.0pt; padding: 0cm 3.5pt 0cm 3.5pt; height: 17.15pt;\">\n<p style=\"margin-bottom: .0001pt; text-align: center; text-indent: 12.05pt; line-height: normal;\"><strong><span style=\"font-size: 12.0pt; font-family: 'Sakkal Majalla'; color: black;\">5 862<\/span><\/strong><\/p>\n<\/td>\n<td style=\"border-top: none; border-left: none; border-bottom: solid windowtext 1.0pt; border-right: solid windowtext 1.0pt; padding: 0cm 3.5pt 0cm 3.5pt; height: 17.15pt;\">\n<p style=\"margin-bottom: .0001pt; text-align: center; text-indent: 12.05pt; line-height: normal;\"><strong><span style=\"font-size: 12.0pt; font-family: 'Sakkal Majalla'; color: black;\">34 672<\/span><\/strong><\/p>\n<\/td>\n<\/tr>\n<tr style=\"height: 17.15pt;\">\n<td style=\"border: solid windowtext 1.0pt; border-top: none; background: #C2D69B; padding: 0cm 3.5pt 0cm 3.5pt; height: 17.15pt;\">\n<p style=\"margin-bottom: .0001pt; text-align: center; text-indent: 12.0pt; line-height: normal;\"><span style=\"font-size: 12.0pt; font-family: 'Sakkal Majalla'; color: black;\">Commune Ait Yahya<\/span><\/p>\n<\/td>\n<td style=\"border-top: none; border-left: none; border-bottom: solid windowtext 1.0pt; border-right: solid windowtext 1.0pt; padding: 0cm 3.5pt 0cm 3.5pt; height: 17.15pt;\">\n<p style=\"margin-bottom: .0001pt; text-align: center; text-indent: 12.0pt; line-height: normal;\"><span style=\"font-size: 12.0pt; font-family: 'Sakkal Majalla'; color: black;\">736<\/span><\/p>\n<\/td>\n<td style=\"border-top: none; border-left: none; border-bottom: solid windowtext 1.0pt; border-right: solid windowtext 1.0pt; padding: 0cm 3.5pt 0cm 3.5pt; height: 17.15pt;\">\n<p style=\"margin-bottom: 0.0001pt; text-indent: 12pt; line-height: normal; text-align: center;\"><span style=\"font-size: 12.0pt; font-family: 'Sakkal Majalla'; color: black;\">4 560<\/span><\/p>\n<\/td>\n<\/tr>\n<tr style=\"height: 17.15pt;\">\n<td style=\"border: solid windowtext 1.0pt; border-top: none; background: #C2D69B; padding: 0cm 3.5pt 0cm 3.5pt; height: 17.15pt;\">\n<p style=\"margin-bottom: .0001pt; text-align: center; text-indent: 12.0pt; line-height: normal;\"><span style=\"font-size: 12.0pt; font-family: 'Sakkal Majalla'; color: black;\">Commune\u00a0 Amouguer<\/span><\/p>\n<\/td>\n<td style=\"border-top: none; border-left: none; border-bottom: solid windowtext 1.0pt; border-right: solid windowtext 1.0pt; padding: 0cm 3.5pt 0cm 3.5pt; height: 17.15pt;\">\n<p style=\"margin-bottom: .0001pt; text-align: center; text-indent: 12.0pt; line-height: normal;\"><span style=\"font-size: 12.0pt; font-family: 'Sakkal Majalla'; color: black;\">798<\/span><\/p>\n<\/td>\n<td style=\"border-top: none; border-left: none; border-bottom: solid windowtext 1.0pt; border-right: solid windowtext 1.0pt; padding: 0cm 3.5pt 0cm 3.5pt; height: 17.15pt;\">\n<p style=\"margin-bottom: .0001pt; text-align: center; text-indent: 12.0pt; line-height: normal;\"><span style=\"font-size: 12.0pt; font-family: 'Sakkal Majalla'; color: black;\">4 840<\/span><\/p>\n<\/td>\n<\/tr>\n<tr style=\"height: 17.15pt;\">\n<td style=\"border: solid windowtext 1.0pt; border-top: none; background: #C2D69B; padding: 0cm 3.5pt 0cm 3.5pt; height: 17.15pt;\">\n<p style=\"margin-bottom: .0001pt; text-align: center; text-indent: 12.0pt; line-height: normal;\"><span style=\"font-size: 12.0pt; font-family: 'Sakkal Majalla'; color: black;\">Commune\u00a0 Bou Azmou<\/span><\/p>\n<\/td>\n<td style=\"border-top: none; border-left: none; border-bottom: solid windowtext 1.0pt; border-right: solid windowtext 1.0pt; padding: 0cm 3.5pt 0cm 3.5pt; height: 17.15pt;\">\n<p style=\"margin-bottom: .0001pt; text-align: center; text-indent: 12.0pt; line-height: normal;\"><span style=\"font-size: 12.0pt; font-family: 'Sakkal Majalla'; color: black;\">1 638<\/span><\/p>\n<\/td>\n<td style=\"border-top: none; border-left: none; border-bottom: solid windowtext 1.0pt; border-right: solid windowtext 1.0pt; padding: 0cm 3.5pt 0cm 3.5pt; height: 17.15pt;\">\n<p style=\"margin-bottom: .0001pt; text-align: center; text-indent: 12.0pt; line-height: normal;\"><span style=\"font-size: 12.0pt; font-family: 'Sakkal Majalla'; color: black;\">9 583<\/span><\/p>\n<\/td>\n<\/tr>\n<tr style=\"height: 17.15pt;\">\n<td style=\"border: solid windowtext 1.0pt; border-top: none; background: #C2D69B; padding: 0cm 3.5pt 0cm 3.5pt; height: 17.15pt;\">\n<p style=\"margin-bottom: .0001pt; text-align: center; text-indent: 12.0pt; line-height: normal;\"><span style=\"font-size: 12.0pt; font-family: 'Sakkal Majalla'; color: black;\">Commune\u00a0 Imilchil<\/span><\/p>\n<\/td>\n<td style=\"border-top: none; border-left: none; border-bottom: solid windowtext 1.0pt; border-right: solid windowtext 1.0pt; padding: 0cm 3.5pt 0cm 3.5pt; height: 17.15pt;\">\n<p style=\"margin-bottom: .0001pt; text-align: center; text-indent: 12.0pt; line-height: normal;\"><span style=\"font-size: 12.0pt; font-family: 'Sakkal Majalla'; color: black;\">1 517<\/span><\/p>\n<\/td>\n<td style=\"border-top: none; border-left: none; border-bottom: solid windowtext 1.0pt; border-right: solid windowtext 1.0pt; padding: 0cm 3.5pt 0cm 3.5pt; height: 17.15pt;\">\n<p style=\"margin-bottom: .0001pt; text-align: center; text-indent: 12.0pt; line-height: normal;\"><span style=\"font-size: 12.0pt; font-family: 'Sakkal Majalla'; color: black;\">8 870<\/span><\/p>\n<\/td>\n<\/tr>\n<tr style=\"height: 17.15pt;\">\n<td style=\"border-right: 1pt solid windowtext; border-bottom: 1pt solid windowtext; border-left: 1pt solid windowtext; border-image: initial; border-top: none; background: #c2d69b; padding: 0cm 3.5pt; height: 17.15pt; text-align: center;\">\n<p style=\"margin-bottom: .0001pt; text-align: center; text-indent: 12.0pt; line-height: normal;\"><span style=\"font-size: 12.0pt; font-family: 'Sakkal Majalla'; color: black;\">Commune\u00a0 Outerbat<\/span><\/p>\n<\/td>\n<td style=\"border-top: none; border-left: none; border-bottom: 1pt solid windowtext; border-right: 1pt solid windowtext; padding: 0cm 3.5pt; height: 17.15pt; text-align: center;\">\n<p style=\"margin-bottom: .0001pt; text-align: center; text-indent: 12.0pt; line-height: normal;\"><span style=\"font-size: 12.0pt; font-family: 'Sakkal Majalla'; color: black;\">1 173<\/span><\/p>\n<\/td>\n<td style=\"border-top: none; border-left: none; border-bottom: solid windowtext 1.0pt; border-right: solid windowtext 1.0pt; padding: 0cm 3.5pt 0cm 3.5pt; height: 17.15pt;\">\n<p style=\"margin-bottom: .0001pt; text-align: center; text-indent: 12.0pt; line-height: normal;\"><span style=\"font-size: 12.0pt; font-family: 'Sakkal Majalla'; color: black;\">6 819<\/span><\/p>\n<\/td>\n<\/tr>\n<\/tbody>\n<\/table>\n<p>&nbsp;<\/p>\n<p style=\"margin-bottom: 0.0001pt; line-height: normal; text-align: center;\"><span style=\"font-size: 16.0pt; font-family: Gabriola;\">C\u2019est un habitat group\u00e9 qui contient plus que vingt villages, ses maisons sont construites en pis\u00e9 (terre battue) et sont situ\u00e9s sur une longueur de 49 kilom\u00e8tres tout au long d\u2019une rivi\u00e8re appel\u00e9e Assif -Melloul (\u00abrivi\u00e8re blanche\u00bb).<\/span><\/p>\n<p style=\"text-align: center;\"><span style=\"font-size: 28pt;\">L<\/span><span style=\"font-family: Arial, sans-serif; font-size: 16pt;\">\u00a0<\/span><strong style=\"font-family: Verdana, Arial, Helvetica, sans-serif; font-size: 14px;\"><span style=\"font-size: 16.0pt; font-family: Gabriola;\">a r\u00e9gion<\/span><\/strong><span style=\"font-size: 16.0pt; font-family: Gabriola;\"> est devenue accessible suite \u00e0 la construction des routes goudronn\u00e9es en direction de Kh\u00e9nifra ou de Beni Mellal<img loading=\"lazy\" decoding=\"async\" class=\"size-medium wp-image-236 alignright\" src=\"https:\/\/akhiam.org\/tourisme\/wp-content\/uploads\/2018\/02\/Oudeddi_Imilchil-300x194.jpg\" alt=\"\" width=\"300\" height=\"194\" srcset=\"https:\/\/akhiam.org\/tourisme\/wp-content\/uploads\/2018\/02\/Oudeddi_Imilchil-300x194.jpg 300w, https:\/\/akhiam.org\/tourisme\/wp-content\/uploads\/2018\/02\/Oudeddi_Imilchil-768x495.jpg 768w, https:\/\/akhiam.org\/tourisme\/wp-content\/uploads\/2018\/02\/Oudeddi_Imilchil.jpg 975w\" sizes=\"auto, (max-width: 300px) 100vw, 300px\" \/> par Aghbala au Nord, ou en direction d\u2019Errachidia par Rich \u00e0 l\u2019Est ou en direction de Tinghir et donc avec le versant Sud des montagnes du Haut Atlas ou en direction de Midelt par Tilmi ou Tounfiyte.<\/span><\/p>\n<p style=\"background: white; text-align: center;\"><strong><span style=\"font-size: 16.0pt; line-height: 107%; font-family: Gabriola;\">Imilchil<\/span><\/strong><span style=\"font-size: 16.0pt; line-height: 107%; font-family: Gabriola;\"> b\u00e9n\u00e9ficie d&rsquo;un climat continental avec influence oc\u00e9anique. L&rsquo;hiver est tr\u00e8s froid et long. Pendant les nuits entre novembre et mars le mercure est toujours au-dessous de\u00a00\u00a0\u00b0C.<\/span><\/p>\n<p style=\"text-align: center;\"><span style=\"font-size: 16.0pt; line-height: 107%; font-family: Gabriola;\">Le tourisme durable dans la <strong>r\u00e9gion d\u2019Imilchil <\/strong>attire chaque ann\u00e9e de<img loading=\"lazy\" decoding=\"async\" class=\"wp-image-238 alignright\" src=\"https:\/\/akhiam.org\/tourisme\/wp-content\/uploads\/2018\/02\/Routes-300x201.jpg\" alt=\"\" width=\"545\" height=\"365\" srcset=\"https:\/\/akhiam.org\/tourisme\/wp-content\/uploads\/2018\/02\/Routes-300x201.jpg 300w, https:\/\/akhiam.org\/tourisme\/wp-content\/uploads\/2018\/02\/Routes-768x515.jpg 768w, https:\/\/akhiam.org\/tourisme\/wp-content\/uploads\/2018\/02\/Routes-1024x686.jpg 1024w, https:\/\/akhiam.org\/tourisme\/wp-content\/uploads\/2018\/02\/Routes.jpg 1137w\" sizes=\"auto, (max-width: 545px) 100vw, 545px\" \/> nombreux touristes venant g\u00e9n\u00e9ralement r\u00e9aliser un circuit de Marrakech jusqu\u2019au d\u00e9sert de Merzouga \u00e0 travers les gorges de Todgha, Dad\u00e8s ou de Gheriss. Elle attire \u00e9galement les randonneurs et les amateurs de l\u2019escalade en montagne surtout avec l\u2019intervention de l\u2019Association locale AKHIAM dans le domaine touristique<\/span><\/p>\n","protected":false},"excerpt":{"rendered":"<p>\u00a0La r\u00e9gion d\u2019Imilchil est une vall\u00e9e de montagnes, situ\u00e9e \u00e0 une altitude moyenne de 2\u2019300 m\u00e8tres. Imilchil est constitu\u00e9 de 5 communes qui est la plus petite\u00a0\u00a0unit\u00e9 administrative publique qui est responsable des services sociaux. Population legale des communes d\u2019Imilchil selon le recensement 2014 Nom des Communes Menage Population Total \u00a0Cercle : Imilchil 5 862 34 672 Commune Ait Yahya 736 4 560 Commune\u00a0 Amouguer 798 4 840 Commune\u00a0 Bou Azmou 1 638 9 583 Commune\u00a0 Imilchil 1 517 8 870 Commune\u00a0 Outerbat 1 173 6 819 &nbsp; C\u2019est un habitat group\u00e9 qui contient plus que vingt villages, ses maisons sont construites en pis\u00e9 (terre battue) et sont situ\u00e9s sur une longueur de 49 kilom\u00e8tres tout au long d\u2019une rivi\u00e8re appel\u00e9e Assif -Melloul (\u00abrivi\u00e8re blanche\u00bb). L\u00a0a r\u00e9gion est devenue accessible suite \u00e0 la construction des routes goudronn\u00e9es en direction de Kh\u00e9nifra ou de Beni Mellal par Aghbala au Nord, ou en direction d\u2019Errachidia par Rich \u00e0 l\u2019Est ou en direction de Tinghir et donc avec le versant Sud des montagnes du Haut Atlas ou en direction de Midelt par Tilmi ou Tounfiyte. Imilchil b\u00e9n\u00e9ficie d&rsquo;un climat continental avec influence oc\u00e9anique. L&rsquo;hiver est tr\u00e8s froid et long. Pendant les nuits entre [&#8230;]<\/p>\n","protected":false},"author":1,"featured_media":0,"parent":0,"menu_order":2,"comment_status":"closed","ping_status":"closed","template":"","meta":{"footnotes":""},"class_list":["post-2","page","type-page","status-publish","hentry"],"_links":{"self":[{"href":"https:\/\/akhiam.org\/tourisme\/wp-json\/wp\/v2\/pages\/2","targetHints":{"allow":["GET"]}}],"collection":[{"href":"https:\/\/akhiam.org\/tourisme\/wp-json\/wp\/v2\/pages"}],"about":[{"href":"https:\/\/akhiam.org\/tourisme\/wp-json\/wp\/v2\/types\/page"}],"author":[{"embeddable":true,"href":"https:\/\/akhiam.org\/tourisme\/wp-json\/wp\/v2\/users\/1"}],"replies":[{"embeddable":true,"href":"https:\/\/akhiam.org\/tourisme\/wp-json\/wp\/v2\/comments?post=2"}],"version-history":[{"count":33,"href":"https:\/\/akhiam.org\/tourisme\/wp-json\/wp\/v2\/pages\/2\/revisions"}],"predecessor-version":[{"id":459,"href":"https:\/\/akhiam.org\/tourisme\/wp-json\/wp\/v2\/pages\/2\/revisions\/459"}],"wp:attachment":[{"href":"https:\/\/akhiam.org\/tourisme\/wp-json\/wp\/v2\/media?parent=2"}],"curies":[{"name":"wp","href":"https:\/\/api.w.org\/{rel}","templated":true}]}}