{"id":198,"date":"2018-02-23T11:47:46","date_gmt":"2018-02-23T10:47:46","guid":{"rendered":"http:\/\/akhiam.org\/tourisme\/?page_id=198"},"modified":"2018-04-01T01:19:12","modified_gmt":"2018-03-31T23:19:12","slug":"solidaire","status":"publish","type":"page","link":"https:\/\/akhiam.org\/tourisme\/solidaire\/","title":{"rendered":"P\u00e9destres"},"content":{"rendered":"<p style=\"text-align: justify; margin: 6.0pt 0cm 6.0pt 0cm;\"><span style=\"font-size: 16.0pt; line-height: 107%; font-family: Gabriola;\">Imilchil est un bon point de d\u00e9part pour r\u00e9aliser des randonn\u00e9es p\u00e9destres vers la r\u00e9gion de Midelt traversant la for\u00eat de c\u00e8dres, la descente des gorges de l\u2019Assif Melloul jusqu\u2019\u00e0 Zaou\u00ef<\/span><img loading=\"lazy\" decoding=\"async\" class=\"wp-image-362 alignright\" style=\"font-family: Gabriola; font-size: 21.3333px; text-align: justify;\" src=\"https:\/\/akhiam.org\/tourisme\/wp-content\/uploads\/2018\/02\/v\u00e9lo-1-300x225.jpg\" alt=\"\" width=\"189\" height=\"142\" srcset=\"https:\/\/akhiam.org\/tourisme\/wp-content\/uploads\/2018\/02\/v\u00e9lo-1-300x225.jpg 300w, https:\/\/akhiam.org\/tourisme\/wp-content\/uploads\/2018\/02\/v\u00e9lo-1-174x131.jpg 174w, https:\/\/akhiam.org\/tourisme\/wp-content\/uploads\/2018\/02\/v\u00e9lo-1-70x53.jpg 70w, https:\/\/akhiam.org\/tourisme\/wp-content\/uploads\/2018\/02\/v\u00e9lo-1.jpg 700w\" sizes=\"auto, (max-width: 189px) 100vw, 189px\" \/><span style=\"font-size: 16.0pt; line-height: 107%; font-family: Gabriola;\">at Ahansal et la vall\u00e9e des A\u00eft Bouguemez ou tout simplement faire des randonn\u00e9es en \u00e9toile pour conna\u00eetre les traditions berb\u00e8res ancestrales des Ait Hadiddou.<\/span><\/p>\n<p style=\"text-align: justify; margin: 6.0pt 0cm 6.0pt 0cm;\"><span style=\"font-size: 16.0pt; line-height: 107%; font-family: Gabriola;\">Le territoire d\u2019Imilchil dispose de plusieurs circuits de randonn\u00e9es p\u00e9destres traversant des sites naturels aux paysages grandioses et fabuleux. Ces circuits s\u2019organisent soit en \u00e9toile qui consiste \u00e0 faire la marche pendant la journ\u00e9e et revenir passer la nuit dans la structure d\u2019h\u00e9bergement soit en bivouac en passant la nuit en pleine nature. Les randonneurs sont accompagn\u00e9s d\u2019un guide accompagnateur et d\u2019une \u00e9quipe de muletiers qui s\u2019occupe du transport des bagages, du mat\u00e9riel de cuisine et de vivres.<\/span><\/p>\n<p style=\"text-align: justify; margin: 6.0pt 0cm 6.0pt 0cm;\"><span style=\"font-size: 16.0pt; line-height: 107%; font-family: Gabriola;\">Pour r\u00e9ussir l\u2019acc\u00e8s \u00e0 Imilchil on vous propose deux beaux Trajets \u00a0suivants\u00a0:<img loading=\"lazy\" decoding=\"async\" class=\"size-medium wp-image-229 aligncenter\" src=\"https:\/\/akhiam.org\/tourisme\/wp-content\/uploads\/2018\/02\/ecotourisme-300x200.jpg\" alt=\"\" width=\"300\" height=\"200\" srcset=\"https:\/\/akhiam.org\/tourisme\/wp-content\/uploads\/2018\/02\/ecotourisme-300x200.jpg 300w, https:\/\/akhiam.org\/tourisme\/wp-content\/uploads\/2018\/02\/ecotourisme.jpg 400w\" sizes=\"auto, (max-width: 300px) 100vw, 300px\" \/><\/span><\/p>\n<p style=\"text-align: justify; margin: 6.0pt 0cm 6.0pt 0cm;\"><strong><em><u><span style=\"font-size: 18.0pt; line-height: 107%; font-family: Gabriola; background: yellow;\">1<sup>er<\/sup> Trajet\u00a0:<\/span><\/u><\/em><\/strong><strong><em><u><span style=\"font-size: 18.0pt; line-height: 107%; font-family: Gabriola;\"> (<\/span><\/u><\/em><\/strong><strong><u><span style=\"font-size: 14.0pt; line-height: 107%; font-family: Gabriola;\">Marrakech-Beni Mellal-Imlichil-Tinghir-Merzouga-Ouarzazate-Marrakech)<\/span><\/u><\/strong><\/p>\n<p style=\"margin: 6.0pt 0cm 6.0pt 0cm;\"><strong><u><span style=\"font-size: 16.0pt; line-height: 107%; font-family: Gabriola;\">Jour 1 &#8211; Arriv\u00e9e Marrakech<br \/>\n<\/span><\/u><\/strong><span style=\"font-size: 16.0pt; line-height: 107%; font-family: Gabriola;\">Visite commence \u00e0 Marrakech avec une visite en soir\u00e9e \u00e0 la tr\u00e8s anim\u00e9e place Djemaa el Fna carr\u00e9, sc\u00e8ne de acrobates , musiciens et conteurs. <\/span><\/p>\n<p style=\"margin: 6.0pt 0cm 6.0pt 0cm;\"><strong><u><span style=\"font-size: 16.0pt; line-height: 107%; font-family: Gabriola;\">Jour 2 \u2013 Vers \u00a0Imilchil<br \/>\n<\/span><\/u><\/strong><span style=\"font-size: 16.0pt; line-height: 107%; font-family: Gabriola;\">Voyage de Marrakech \u00e0 Beni Mellal puis vers la r\u00e9gion d\u2019Imilchil, Vous passerez devant le plus beau lac Tislit avant d&rsquo; arriver au centre d\u2019Imilchil .<\/span><\/p>\n<p style=\"margin: 6.0pt 0cm 6.0pt 0cm;\"><strong><u><span style=\"font-size: 16.0pt; line-height: 107%; font-family: Gabriola;\">Jour 3 \u00e0 5 &#8211; D\u00e9couvrir Imilchil<br \/>\n<\/span><\/u><\/strong><span style=\"font-size: 16.0pt; line-height: 107%; font-family: Gabriola;\">Passer la journ\u00e9e \u00e0 marcher \u00e0 travers la vall\u00e9e de la rivi\u00e8re fertile de Assif Melloul et conna\u00eetre des villages isol\u00e9s berb\u00e8res, des champs verts, des arbres fruitiers, des mules et un mode de vie encore peu touch\u00e9 par l&rsquo;ouest monde . A ne pas rater Les deux lacs Isli et Tislite 3km d\u2019imilchil centre, Grotte AKHIAM 7 km au village d\u2019agoudal en passant par les diff\u00e9rentes vues de la vall\u00e9e. <\/span><\/p>\n<p style=\"margin: 6.0pt 0cm 6.0pt 0cm;\"><strong><u><span style=\"font-size: 16.0pt; line-height: 107%; font-family: Gabriola;\">Jour 6 \u00e0 7 \u2013 Visite de Merzouga<br \/>\n<\/span><\/u><\/strong><span style=\"font-size: 16.0pt; line-height: 107%; font-family: Gabriola;\">La vall\u00e9e de Todgha est tr\u00e8s riche(115km d\u2019imilchil vers Merzouga) parmi les sites \u00e0 visiter\u00a0: Gorges impressionnantes\u00a0 de Todgha, Palmerie de Tinghir et le quartier des juif. Puis la route vers les dunes du d\u00e9sert marocain de Merzouga. <\/span><\/p>\n<p style=\"margin: 6.0pt 0cm 6.0pt 0cm;\"><strong><u><span style=\"font-size: 16.0pt; line-height: 107%; font-family: Gabriola;\">Jour 8 &#8211; Transfert \u00e0 Marrakech<br \/>\n<\/span><\/u><\/strong><span style=\"font-size: 16.0pt; line-height: 107%; font-family: Gabriola;\">De Merzougua \u00a0vers Ourzazate en passant par les villages des roses et des Kasbahs puis vers Marrakech fin de la visite.<\/span><\/p>\n<p style=\"text-align: justify; margin: 6.0pt 0cm 6.0pt 0cm;\"><strong><em><u><span style=\"font-size: 18.0pt; line-height: 107%; font-family: Gabriola; background: yellow;\">2\u00e8me\u00a0 Trajet\u00a0: <\/span><\/u><\/em><\/strong><strong><em><u><span style=\"font-size: 18.0pt; line-height: 107%; font-family: Gabriola;\">\u00a0(<\/span><\/u><\/em><\/strong><strong><u><span style=\"font-size: 14.0pt; line-height: 107%; font-family: Gabriola;\">Marrakech-Ourzazate-Tinghir-Imlichil-Beni Mellal Marakech)<\/span><\/u><\/strong><\/p>\n<p style=\"margin: 6.0pt 0cm 6.0pt 0cm;\"><strong><u><span style=\"font-size: 16.0pt; line-height: 107%; font-family: Gabriola;\">Jour 1 &#8211; Arriv\u00e9e Marrakech<br \/>\n<\/span><\/u><\/strong><span style=\"font-size: 16.0pt; line-height: 107%; font-family: Gabriola;\">Visite commence \u00e0 cette ville avec une visite en soir\u00e9e \u00e0 la tr\u00e8s anim\u00e9e place Djemaa el Fna carr\u00e9, sc\u00e8ne de acrobates , musiciens et conteurs. <\/span><\/p>\n<p style=\"margin: 6.0pt 0cm 6.0pt 0cm;\"><strong><u><span style=\"font-size: 16.0pt; line-height: 107%; font-family: Gabriola;\">Jour 2 \u2013 Vers\u00a0 Imilchil<br \/>\n<\/span><\/u><\/strong><span style=\"font-size: 16.0pt; line-height: 107%; font-family: Gabriola;\">Voyage de Marrakech \u00e0 Ouarzazate \u00a0puis vers la r\u00e9gion d\u2019Imilchil. A ne pas rater dans ce trajet\u00a0: la visite de Ksar Ait Ben Haddou (15km de Ouarzazate), la visite de la<\/span> <span style=\"font-size: 16.0pt; line-height: 107%; font-family: Gabriola;\">vall\u00e9e des roses et des Kasbahs, palmerie et le quartier des juif \u00e0 Tinghir et la visite de Gorge de Todgha (15 km de Tinghir).<\/span><\/p>\n<p style=\"margin: 6.0pt 0cm 6.0pt 0cm;\"><strong><u><span style=\"font-size: 16.0pt; line-height: 107%; font-family: Gabriola;\">Jour 3 \u00e0 6 &#8211; D\u00e9couvrir Imilchil<br \/>\n<\/span><\/u><\/strong><span style=\"font-size: 16.0pt; line-height: 107%; font-family: Gabriola;\">Passer la journ\u00e9e \u00e0 marcher \u00e0 travers la vall\u00e9e de la rivi\u00e8re fertile de Assif Melloul et conna\u00eetre des villages isol\u00e9s berb\u00e8res, des champs verts, des arbres fruitiers, des mules et un mode de vie encore peu touch\u00e9 par l&rsquo;ouest monde . A ne pas rater Les deux lacs Isli et Tislite 3km d\u2019imilchil centre, Grotte AKHIAM 7 km au village d\u2019agoudal en passant par les diff\u00e9rentes vues de la vall\u00e9e. <\/span><\/p>\n<p style=\"margin: 6.0pt 0cm 6.0pt 0cm;\"><strong><u><span style=\"font-size: 16.0pt; line-height: 107%; font-family: Gabriola;\">Jour 7 \u2013 Visite d\u2019Anergui<br \/>\n<\/span><\/u><\/strong><span style=\"font-size: 16.0pt; line-height: 107%; font-family: Gabriola;\">La vall\u00e9e de la rivi\u00e8re d\u2019Anergui est l&rsquo; un des plus beaux sites de l&rsquo;Est Haut Atlas avec le vert de ses arbres fruitiers et de noix. <\/span><\/p>\n<p style=\"margin: 6.0pt 0cm 6.0pt 0cm;\"><strong><u><span style=\"font-size: 16.0pt; line-height: 107%; font-family: Gabriola;\">Jour 8 &#8211; Transfert \u00e0 Marrakech<br \/>\n<\/span><\/u><\/strong><span style=\"font-size: 16.0pt; line-height: 107%; font-family: Gabriola;\">De Anergui en passant par les villages de Tillougite et Ouaouizarte, pour rejoindre la route principale qui ram\u00e8ne \u00e0 Marrakech \u00a0l\u00e0 o\u00f9 se termine la visite.<\/span><\/p>\n<p style=\"margin: 6.0pt 0cm 6.0pt 0cm;\"><span style=\"font-size: 16.0pt; line-height: 107%; font-family: Gabriola;\">\u00a0<\/span><\/p>\n<p style=\"text-align: justify; margin: 6.0pt 0cm 6.0pt 0cm;\"><strong><u><span style=\"font-size: 18.0pt; line-height: 107%; font-family: Gabriola;\">Autres Parcours sportifs dans la vall\u00e9e\u00a0:<\/span><\/u><\/strong><\/p>\n<ul>\n<li style=\"text-align: justify; text-indent: -18.0pt; line-height: 107%; margin: 6.0pt 0cm 6.0pt 36.0pt;\"><span style=\"font-size: 16.0pt; line-height: 107%; font-family: Gabriola; background: yellow;\">Randonn\u00e9e p\u00e9destre entre Akdim et Tissila par les champs<\/span><\/li>\n<\/ul>\n<p style=\"text-align: justify;\">Cette belle promenade, sans aucune difficult\u00e9 et presque sans d\u00e9nivellation, permet d\u2019appr\u00e9cier l\u2019agriculture de la vall\u00e9e avec son syst\u00e8me d\u2019irrigation et de voir plusieurs villages traditionnels b\u00e2tis en terre crue.<\/p>\n<ul>\n<li style=\"text-align: justify; text-indent: -18.0pt;\"><strong>Dur\u00e9e<\/strong>: environ 3 heures.<\/li>\n<li style=\"text-align: justify; text-indent: -18.0pt;\"><strong>Itin\u00e9raire\u00a0:<\/strong><\/li>\n<li style=\"text-align: justify; text-indent: -18.0pt;\">En venant d\u2019Agoudal par la R-317, au point N 32\u00ba 04,205\u2019 W 5\u00ba 28,303\u2019, juste apr\u00e8s le village d\u2019Akdim et le pont sur l\u2019Assif Melloul. Arriv\u00e9s au point N 32\u00ba 04,505\u2019 W 5\u00ba 28,950\u2019. On marche un instant au bord des champs et on observe un petit barrage qui retient l\u2019eau d\u2019un ruisseau venant du sud et la d\u00e9tourne par un canal d\u2019irrigation.<\/li>\n<li style=\"text-align: justify; text-indent: -18.0pt;\">La direction \u00e0 suivre est maintenant nord-ouest, en faisant des fr\u00e9quents zigzags, jusqu\u2019\u00e0 ce qu\u2019on atteint le bord du canal au point N 32\u00ba 04,801\u2019 W 5\u00ba 29,372\u2019. \u00c0 partir d\u2019ici, on suit le rivage et on quitte avec lui les champs, mais on y p\u00e9n\u00e8tre encore une fois au point N 32\u00ba 04,836\u2019 W 5\u00ba 29,546\u2019 en laissant la chemin de Tamestirt et on avance presque tout droit vers l\u2019ouest nord-ouest<\/li>\n<li style=\"text-align: justify; text-indent: -18.0pt;\">La m\u00eame chose arrive au point N 32\u00ba 05,135\u2019 W 5\u00ba 30,001\u2019\u00a0: il faut virer \u00e0 gauche, puis \u00e0 droite pour ne pas entrer \u00e0 Tamstirt. En suite, au point N 32\u00ba 05,214\u2019 W 5\u00ba 30,101\u2019, on est forc\u00e9 de laisser la zone de cultures pour prendre un chemin plus important qui vient du c\u00f4t\u00e9 gauche. D\u2019ici on obtient une belle vue sur le village d\u2019Alamghou avec sa grande casbah de Khala n\u2019Ta\u00e2richt, dans la rive oppos\u00e9e.<\/li>\n<li style=\"text-align: justify; text-indent: -18.0pt;\">Au point N 32\u00ba 05,335\u2019 W 5\u00ba 30,296\u2019 on p\u00e9n\u00e8tre encore une fois entre les champs en abandonnant notre chemin, qui oblique un peu \u00e0 gauche\u00a0; mais 300 m\u00e8tres plus loin la rivi\u00e8re nous emp\u00eache de continuer et on n\u2019a pas d\u2019autre possibilit\u00e9 que d\u2019aller chercher le chemin qui longe la zone cultivable. On suit de pr\u00e8s l\u2019Assif Melloul un certain temps, vers l\u2019ouest, et on trouve un deuxi\u00e8me barrage, cette fois-ci fait pour d\u00e9verser un peu d\u2019eau de la grande rivi\u00e8re dans un canal. On suit un instant ce canal, puis on tourne \u00e0 droite, en laissant les chemins successifs qui se dirigent au village de Tourbtit pour nous acheminer vers un groupe de peupliers qui se dressent au nord-ouest. Arriv\u00e9s \u00e0 ce point, on prend pour cible le village de Bouzemmou, \u00e0 c\u00f4t\u00e9 duquel se distinguent les \u00e9coles peintes de couleurs vives qui cassent un peu le charme du cadre. Apr\u00e8s avoir travers\u00e9 une seguia, on tourne au sud-ouest un moment, puis on reprend la direction ant\u00e9rieure.<\/li>\n<li style=\"text-align: justify; text-indent: -18.0pt;\">En arrivant \u00e0 Bouzemmou, on d\u00e9couvre sur notre gauche la Tighremt n\u2019Ouarri, casbah en ruines compos\u00e9e de deux logements ind\u00e9pendants, appartenant \u00e0 deux familles, mais qui partageaient un seul escalier pour acc\u00e9der \u00e0 l\u2019\u00e9tage. Plus au sud se trouve la Coop\u00e9rative Assif Melloul, o\u00f9 les habitants produisent du jus et du vinaigre de pomme. Quand on atteint la piste principale, pr\u00e8s du pont, on la prend \u00e0 gauche, on passe entre les maisons et on arrive pr\u00e8s du cimeti\u00e8re, dans lequel on voit deux marabouts\u00a0: celui de Baba Ikou, tr\u00e8s simple, et, plus loin, celui de Sidi Ghazi Ou l\u2019Hssein. Derri\u00e8re se dresse la Tighremt n\u2019A\u00eft Ouhna\u00a0; sans y arriver, en laissant le cimeti\u00e8re sur notre gauche, on quitte le village, on traverse le ravin et on marche \u00e0 nouveau au bord des champs pendant un bon kilom\u00e8tre. Au point N 32\u00ba 06,204\u2019 W 5\u00ba 32,586\u2019 on prend une piste qui monte l\u00e9g\u00e8rement pour contourner le cimeti\u00e8re de Tissila et un marabout tr\u00e8s simple, b\u00e2ti en pis\u00e9 et sans coupole, comme la plupart des marabouts de cette vall\u00e9e.<\/li>\n<li style=\"text-align: justify; text-indent: -18.0pt;\">Ensuite la piste descend, mais on la laisse au point N 32\u00ba 06,268\u2019 W 5\u00ba 32,875\u2019, avant qu\u2019elle ne traverse les champs pour aller rejoindre la route. On prend un sentier \u00e0 gauche qui continue de longer la zone de cultures, puis on monte l\u00e9g\u00e8rement pour atteindre le point N 32\u00ba 06,463\u2019 W 5\u00ba 32,889\u2019, sur une petite cr\u00eate de roche qui nous offre une belle vue sur la vall\u00e9e, avec la Tighremt n\u2019A\u00eft Ali Ou Hmad juste devant nous, sur une colline. Ensuite on tourne \u00e0 gauche, on descend par un ravin, on traverse l\u2019Assif Melloul et on trouve la route R-317\u00a0; mais, si on n\u2019est pas fatigu\u00e9, on peut continuer encore 500 m\u00e8tres \u00e0 travers le beau p\u00e2turage d\u2019Almou n\u2019Tissila et rejoindre la route un peu plus loin. Nous sommes \u00e0 11 km d\u2019Akdim, point de d\u00e9part du circuit\u00a0; on peut attendre un transport public qui nous y ram\u00e8ne, sauf si on a d\u00e9j\u00e0 fix\u00e9 rendez-vous \u00e0 un chauffeur qui vient nous chercher.<\/li>\n<li style=\"text-align: justify; text-indent: -18.0pt; line-height: 107%; margin: 6.0pt 0cm 6.0pt 36.0pt;\"><span style=\"font-size: 16.0pt; line-height: 107%; font-family: Gabriola; background: yellow;\">Circuit p\u00e9destre par le Jebel Takarouit n\u2019Tarselt et la grotte d\u2019Akhiam<\/span><\/li>\n<\/ul>\n<p style=\"margin-left: 13.65pt; text-align: justify;\">Cette randonn\u00e9e, sans grande difficult\u00e9, offre une vision tr\u00e8s compl\u00e8te sur les montagnes calcaires qui entourent Agoudal par le sud, avec des paysages fantastiques. En \u00e9t\u00e9, on rencontre souvent des bergers nomades. Il vaut mieux \u00eatre accompagn\u00e9, car une partie de l\u2019itin\u00e9raire se fait sans chemin visible.<\/p>\n<ul>\n<li style=\"margin-left: 49.65pt; text-align: justify; text-indent: -18.0pt;\"><strong>Dur\u00e9e<\/strong>: une journ\u00e9e (6 heures de marche effective).<\/li>\n<li style=\"margin-left: 49.65pt; text-align: justify; text-indent: -18.0pt;\"><strong>D\u00e9nivellation<\/strong>: 331 m.<\/li>\n<li style=\"margin-left: 49.65pt; text-align: justify; text-indent: -18.0pt;\"><strong>\u00c0 pr\u00e9voir<\/strong>: des torches pour p\u00e9n\u00e9trer dans la grotte.<\/li>\n<li style=\"margin-left: 49.65pt; text-align: justify; text-indent: -18.0pt;\"><strong>Itin\u00e9raire<\/strong>:<\/li>\n<li style=\"margin-left: 49.65pt; text-align: justify; text-indent: -18.0pt;\">00\u2019 &#8211; \u00c0 l\u2019entr\u00e9e d\u2019Agoudal du c\u00f4t\u00e9 sud-est, au point N 32\u00ba 00,494\u2019 W 5\u00ba 29,366\u2019, on quitte la route R-317 par un sentier qui longe les habitations, puis on atteint la partie sup\u00e9rieure du plateau, \u00e0 2400 m d\u2019altitude. On est au pied du Jebel Tazigzaout, \u00ab\u00a0la Montagne Verte\u00a0\u00bb, qui re\u00e7oit ce nom \u00e0 cause de la couleur qu\u2019elle prend \u00e0 certaines heures gr\u00e2ce \u00e0 sa composition basaltique, alors que les cha\u00eenes calcaires des alentours sont plut\u00f4t rouge\u00e2tres. Sur ce plateau se trouvent de nombreux fragments de sid\u00e9rite, ainsi qu\u2019un petit impact de m\u00e9t\u00e9orite.<\/li>\n<li style=\"margin-left: 49.65pt; text-align: justify; text-indent: -18.0pt;\">1 h \u2013 On arrive \u00e0 un petit col, \u00e0 2555 m d\u2019altitude\u00a0; on descend un peu, puis on avance presque sans d\u00e9nivellation par le flanc de la montagne, toujours cap sur le sommet du Jebel Takarouit.<\/li>\n<li style=\"margin-left: 49.65pt; text-align: justify; text-indent: -18.0pt;\">1 h 10\u2019 \u2013 On commence \u00e0 monter, d\u2019abord en marchant vers la m\u00eame direction, puis en zigzag, jusqu\u2019\u00e0 2620 m d\u2019altitude. L\u00e0 on est au pied du sommet nord du Jebel Takarouit et on voit en face, plut\u00f4t sur notre gauche, le sommet sud. On continue sans grande d\u00e9nivellation.<\/li>\n<li style=\"margin-left: 49.65pt; text-align: justify; text-indent: -18.0pt;\">1 h 30\u2019 \u2013 On contourne par la gauche le sommet sud, avec possibilit\u00e9 d\u2019y monter par un passage qui s\u2019ouvre entre les parois de roche. Apr\u00e8s on descend un peu et on s\u2019achemine vers le sommet du Jebel Moujnoun, \u00e9galement escarp\u00e9.<\/li>\n<li style=\"margin-left: 49.65pt; text-align: justify; text-indent: -18.0pt;\">1 h 40\u2019 \u2013 On contourne aussi par la gauche le sommet du Jebel Moujnoun. On est maintenant \u00e0 2643 m d\u2019altitude.<\/li>\n<li style=\"margin-left: 49.65pt; text-align: justify; text-indent: -18.0pt;\">1 h 55\u2019 \u2013 Une mont\u00e9e un peu forte mais br\u00e8ve nous permet d\u2019atteindre un col, \u00e0 2693 m d\u2019altitude. L\u00e0 commence une descente douce.<\/li>\n<li style=\"margin-left: 49.65pt; text-align: justify; text-indent: -18.0pt;\">2 h 5\u2019 \u2013 Au point N 31\u00ba 57,338\u2019 W 05\u00ba 31,620\u2019, on quitte le sentier par la droite et on monte sans chemin visible vers l\u2019ouest<\/li>\n<li style=\"margin-left: 49.65pt; text-align: justify; text-indent: -18.0pt;\">2 h 40\u2019 \u2013 On quitte le ravin par la rive gauche au point N 31\u00ba 57,512\u2019 W 05\u00ba 32,669\u2019 et on arrive en cinq minutes au bord d\u2019un ab\u00eeme, avec une vue spectaculaire sur la vall\u00e9e d\u2019Akhiam et les montagnes qui l\u2019entourent.<\/li>\n<li style=\"margin-left: 49.65pt; text-align: justify; text-indent: -18.0pt;\">3 h 10\u2019 \u2013 Du point N 31\u00ba 57,326\u2019 W 05\u00ba 32,527\u2019, une forte descente en zigzag nous permet d\u2019atteindre l\u2019escalier qui monte de la piste \u00e0 la grotte. \u00c0 la moiti\u00e9 de cette descente, un ab\u00eeme avec une chute de quarante m\u00e8tres constitue un belv\u00e9d\u00e8re magnifique, duquel on observe le Jebel Tissibelt par dessous le pont naturel. Arriv\u00e9s \u00e0 l\u2019escalier, on monte quelques marches, puis on descend un peu en suivant les fl\u00e8ches rouges peintes sur le rocher.<\/li>\n<li style=\"margin-left: 49.65pt; text-align: justify; text-indent: -18.0pt;\">3 h 30\u2019 \u2013 On atteint la bouche de la caverne. Une fois \u00e0 l\u2019int\u00e9rieur, des passerelles et une \u00e9chelle ont \u00e9t\u00e9 mises en place pour faciliter la visite des deux premi\u00e8res galeries, mais il faut des torches pour l\u2019\u00e9clairage\u00a0; pour continuer plus loin, il faudrait avoir un \u00e9quipement de sp\u00e9l\u00e9ologues, y compris un canot pneumatique pour les nombreux tron\u00e7ons d\u2019eau profonde. La longueur de la cavit\u00e9 est d\u2019environ 1200 m\u00e8tres.<\/li>\n<li style=\"margin-left: 49.65pt; text-align: justify; text-indent: -18.0pt;\">Ensuite, le m\u00eame escalier nous conduit \u00e0 la cascade d\u2019Akhiam et de l\u00e0, un sentier bien trac\u00e9 nous m\u00e8ne \u00e0 la piste en passant pr\u00e8s d\u2019une petite source. La cascade, entour\u00e9e de curieuses formations de rocher calcaire, a beaucoup d\u2019eau au printemps.<\/li>\n<li style=\"margin-left: 49.65pt; text-align: justify; text-indent: -18.0pt;\">4 h \u2013 On prend la piste qui suit la vall\u00e9e d\u2019Akhiam, puis, au pied du tr\u00e8s escarp\u00e9 Jebel Bou Tifratine, la grande piste en provenance du Dad\u00e8s qui suit la vall\u00e9e d\u2019Anoufigh jusqu\u2019\u00e0 Agoudal. Mais on peut faire une bonne partie de ce parcours par des raccourcis p\u00e9destres qui suivent le fond du ravin.<\/li>\n<li style=\"margin-left: 49.65pt; text-align: justify; text-indent: -18.0pt;\">6 h \u2013 On rentre \u00e0 Agoudal apr\u00e8s avoir long\u00e9 une grande plantation de pommiers irrigu\u00e9e avec l\u2019eau d\u2019un puits suivant le syst\u00e8me \u00ab\u00a0goutte-\u00e0-goutte\u00a0\u00bb mis en place en 2013 gr\u00e2ce \u00e0 l\u2019intervention du programme Maroc Vert. On arrive \u00e0 la route R-317 tout pr\u00e8s du point o\u00f9 on avait commenc\u00e9 la randonn\u00e9e.<\/li>\n<li style=\"text-align: justify; text-indent: -18.0pt; line-height: 107%; margin: 6.0pt 0cm 6.0pt 36.0pt;\"><span style=\"font-size: 16.0pt; line-height: 107%; font-family: Gabriola; background: yellow;\">Ascension \u00e0 l\u2019Ari Tazigzaout<\/span><\/li>\n<\/ul>\n<p style=\"margin-left: 13.65pt; text-align: justify;\">Il s\u2019agit ici de l\u2019ascension d\u2019une montagne de trois mille m\u00e8tres et, bien qu\u2019elle ne comporte pas de difficult\u00e9 particuli\u00e8re.<\/p>\n<ul>\n<li style=\"margin-left: 49.65pt; text-align: justify; text-indent: -18.0pt;\"><strong>Dur\u00e9e<\/strong>: de 6 \u00e0 7 heures.<\/li>\n<li style=\"margin-left: 49.65pt; text-align: justify; text-indent: -18.0pt;\"><strong>D\u00e9nivellation<\/strong>: 900 m\u00e8tres.<\/li>\n<li style=\"margin-left: 49.65pt; text-align: justify; text-indent: -18.0pt;\"><strong>Itin\u00e9raire<\/strong>:<\/li>\n<li style=\"margin-left: 49.65pt; text-align: justify; text-indent: -18.0pt;\">Le point de d\u00e9part est le village de Motzli, aussi nomm\u00e9 Imelouane, \u00e0 deux kilom\u00e8tres d\u2019Imilchil. On suit la piste qui traverse tout le village. On passe sous la ligne \u00e9lectrique et en 20\u2019 on atteint un petit col, au point N 32\u00ba 09,468\u2019 W 5\u00ba 36,260\u2019. On a devant nous le canyon de Takkat Had Mansour, dans lequel on voit les virages de la route R-317, et derri\u00e8re nous une vue panoramique tr\u00e8s \u00e9largie sur Imilchil et Motzli entour\u00e9s de champs.<\/li>\n<li style=\"margin-left: 49.65pt; text-align: justify; text-indent: -18.0pt;\">Ici on laisse le sentier et on monte vers le sud pendant plus de deux heures, jusqu\u2019\u00e0 atteindre la cr\u00eate de l\u2019Ari Tazigzaout. De l\u00e0, on d\u00e9couvre une autre partie de la vall\u00e9e de l\u2019Assif Melloul, avec d\u2019autres villages, comme Sountat et A\u00eft Ali Ou Ikou. Puis, notre itin\u00e9raire suit toute la cr\u00eate avec plusieurs mont\u00e9es et descentes, jusqu\u2019au sommet, appel\u00e9 Tissekt n\u2019Tamda (3022 m).<\/li>\n<\/ul>\n","protected":false},"excerpt":{"rendered":"<p>Imilchil est un bon point de d\u00e9part pour r\u00e9aliser des randonn\u00e9es p\u00e9destres vers la r\u00e9gion de Midelt traversant la for\u00eat de c\u00e8dres, la descente des gorges de l\u2019Assif Melloul jusqu\u2019\u00e0 Zaou\u00efat Ahansal et la vall\u00e9e des A\u00eft Bouguemez ou tout simplement faire des randonn\u00e9es en \u00e9toile pour conna\u00eetre les traditions berb\u00e8res ancestrales des Ait Hadiddou. Le territoire d\u2019Imilchil dispose de plusieurs circuits de randonn\u00e9es p\u00e9destres traversant des sites naturels aux paysages grandioses et fabuleux. Ces circuits s\u2019organisent soit en \u00e9toile qui consiste \u00e0 faire la marche pendant la journ\u00e9e et revenir passer la nuit dans la structure d\u2019h\u00e9bergement soit en bivouac en passant la nuit en pleine nature. Les randonneurs sont accompagn\u00e9s d\u2019un guide accompagnateur et d\u2019une \u00e9quipe de muletiers qui s\u2019occupe du transport des bagages, du mat\u00e9riel de cuisine et de vivres. Pour r\u00e9ussir l\u2019acc\u00e8s \u00e0 Imilchil on vous propose deux beaux Trajets \u00a0suivants\u00a0: 1er Trajet\u00a0: (Marrakech-Beni Mellal-Imlichil-Tinghir-Merzouga-Ouarzazate-Marrakech) Jour 1 &#8211; Arriv\u00e9e Marrakech Visite commence \u00e0 Marrakech avec une visite en soir\u00e9e \u00e0 la tr\u00e8s anim\u00e9e place Djemaa el Fna carr\u00e9, sc\u00e8ne de acrobates , musiciens et conteurs. Jour 2 \u2013 Vers \u00a0Imilchil Voyage de Marrakech \u00e0 Beni Mellal puis vers la r\u00e9gion d\u2019Imilchil, Vous passerez devant le plus [&#8230;]<\/p>\n","protected":false},"author":1,"featured_media":0,"parent":0,"menu_order":0,"comment_status":"closed","ping_status":"closed","template":"","meta":{"footnotes":""},"class_list":["post-198","page","type-page","status-publish","hentry"],"_links":{"self":[{"href":"https:\/\/akhiam.org\/tourisme\/wp-json\/wp\/v2\/pages\/198","targetHints":{"allow":["GET"]}}],"collection":[{"href":"https:\/\/akhiam.org\/tourisme\/wp-json\/wp\/v2\/pages"}],"about":[{"href":"https:\/\/akhiam.org\/tourisme\/wp-json\/wp\/v2\/types\/page"}],"author":[{"embeddable":true,"href":"https:\/\/akhiam.org\/tourisme\/wp-json\/wp\/v2\/users\/1"}],"replies":[{"embeddable":true,"href":"https:\/\/akhiam.org\/tourisme\/wp-json\/wp\/v2\/comments?post=198"}],"version-history":[{"count":6,"href":"https:\/\/akhiam.org\/tourisme\/wp-json\/wp\/v2\/pages\/198\/revisions"}],"predecessor-version":[{"id":388,"href":"https:\/\/akhiam.org\/tourisme\/wp-json\/wp\/v2\/pages\/198\/revisions\/388"}],"wp:attachment":[{"href":"https:\/\/akhiam.org\/tourisme\/wp-json\/wp\/v2\/media?parent=198"}],"curies":[{"name":"wp","href":"https:\/\/api.w.org\/{rel}","templated":true}]}}