{"id":197,"date":"2018-02-23T11:47:46","date_gmt":"2018-02-23T10:47:46","guid":{"rendered":"http:\/\/akhiam.org\/tourisme\/?page_id=197"},"modified":"2018-04-01T01:13:16","modified_gmt":"2018-03-31T23:13:16","slug":"culturel","status":"publish","type":"page","link":"https:\/\/akhiam.org\/tourisme\/culturel\/","title":{"rendered":"Parapente"},"content":{"rendered":"<p style=\"text-align: justify; line-height: 107%; margin: 6.0pt 0cm 6.0pt 0cm;\"><span style=\"font-size: 16.0pt; line-height: 107%; font-family: Gabriola;\">Si\u00a0les randonn\u00e9es\u00a0p\u00e9destres\u00a0ou\u00a0<img loading=\"lazy\" decoding=\"async\" class=\" wp-image-14 alignright\" src=\"https:\/\/akhiam.org\/tourisme\/wp-content\/uploads\/2017\/10\/parapente-300x137.jpg\" alt=\"\" width=\"480\" height=\"219\" srcset=\"https:\/\/akhiam.org\/tourisme\/wp-content\/uploads\/2017\/10\/parapente-300x137.jpg 300w, https:\/\/akhiam.org\/tourisme\/wp-content\/uploads\/2017\/10\/parapente.jpg 332w\" sizes=\"auto, (max-width: 480px) 100vw, 480px\" \/><\/span><span style=\"font-size: 16.0pt; line-height: 107%; font-family: Gabriola;\">\u00e9questres semblent\u00a0constituer\u00a0<\/span><span style=\"font-size: 16.0pt; line-height: 107%; font-family: Gabriola;\">la\u00a0premi\u00e8re\u00a0activit\u00e9 des\u00a0touristes<\/span><span style=\"font-size: 16.0pt; line-height: 107%; font-family: Gabriola;\">\u00a0dans la r\u00e9gion d\u2019Imilchil, <\/span><\/p>\n<p style=\"text-align: justify; line-height: 107%; margin: 6.0pt 0cm 6.0pt 0cm;\"><span style=\"font-size: 16.0pt; line-height: 107%; font-family: Gabriola;\">Une Association locale nomm\u00e9e\u00a0<\/span><span style=\"font-size: 16.0pt; line-height: 107%; font-family: Gabriola;\">\u00a0AKHIAM\u00a0pr\u00e9voit\u00a0le renforcement\u00a0<\/span><span style=\"font-size: 16.0pt; line-height: 107%; font-family: Gabriola;\">et\u00a0la\u00a0diversification\u00a0de l\u2019offre\u00a0<\/span><span style=\"font-size: 16.0pt; line-height: 107%; font-family: Gabriola;\">touristique\u00a0en\u00a0d\u00e9veloppant une<\/span><span style=\"font-size: 16.0pt; line-height: 107%; font-family: Gabriola;\">\u00a0nouvelle activit\u00e9 de\u00a0parapente\u00a0qui\u00a0attirerait\u00a0\u00e0\u00a0la fois\u00a0des\u00a0touristes\u00a0amateurs\u00a0et professionnels\u00a0de\u00a0l\u2019activit\u00e9. Cette Association a form\u00e9e 5 jeunes de la r\u00e9gion et met, dans son si\u00e8ge au village d\u2019Agoudal\/Agdal, \u00e0 la disposotion des touristes le mat\u00e9riel necessaire pour pratiquer ce sport, \u00e0 signaler aussi que cette association a organis\u00e9e un festival de parapente et\u00a0trouve\u00a0dans\u00a0ce festival\u00a0une\u00a0grande\u00a0opportunit\u00e9\u00a0pour\u00a0la promotion\u00a0du\u00a0tourisme\u00a0et\u00a0des\u00a0activit\u00e9s \u00e9conomiques\u00a0de\u00a0la\u00a0vall\u00e9e,\u00a0notamment pour\u00a0les\u00a0coop\u00e9ratives\u00a0(jus\u00a0de\u00a0pomme au village de Bouazmou, poulaillers au village d\u2019Agoudal,\u00a0artisanat dans toutes la vall\u00e9e)\u00a0qui\u00a0y\u00a0trouvent\u00a0des clients\u00a0potentiel.<\/span><\/p>\n<p style=\"text-align: justify; text-indent: 35.4pt; line-height: 107%; margin: 6.0pt 0cm 6.0pt 0cm;\"><span style=\"font-size: 16.0pt; line-height: 107%; font-family: Gabriola;\">Pour la pratique du parapente, les trois endroits utilis\u00e9s le plus souvent sont la colline appel\u00e9e Tioura n\u2019Oualamghou, au-dessus d\u2019A\u00eft Amer, accessible par une piste de 2 km praticable avec n\u2019importe quelle voiture, le monticule situ\u00e9 derri\u00e8re l\u2019auberge Afoud, pr\u00e8s d\u2019Agoudal, et les \u00e9minences qui entourent le lac Isli.<\/span><\/p>\n","protected":false},"excerpt":{"rendered":"<p>Si\u00a0les randonn\u00e9es\u00a0p\u00e9destres\u00a0ou\u00a0\u00e9questres semblent\u00a0constituer\u00a0la\u00a0premi\u00e8re\u00a0activit\u00e9 des\u00a0touristes\u00a0dans la r\u00e9gion d\u2019Imilchil, Une Association locale nomm\u00e9e\u00a0\u00a0AKHIAM\u00a0pr\u00e9voit\u00a0le renforcement\u00a0et\u00a0la\u00a0diversification\u00a0de l\u2019offre\u00a0touristique\u00a0en\u00a0d\u00e9veloppant une\u00a0nouvelle activit\u00e9 de\u00a0parapente\u00a0qui\u00a0attirerait\u00a0\u00e0\u00a0la fois\u00a0des\u00a0touristes\u00a0amateurs\u00a0et professionnels\u00a0de\u00a0l\u2019activit\u00e9. Cette Association a form\u00e9e 5 jeunes de la r\u00e9gion et met, dans son si\u00e8ge au village d\u2019Agoudal\/Agdal, \u00e0 la disposotion des touristes le mat\u00e9riel necessaire pour pratiquer ce sport, \u00e0 signaler aussi que cette association a organis\u00e9e un festival de parapente et\u00a0trouve\u00a0dans\u00a0ce festival\u00a0une\u00a0grande\u00a0opportunit\u00e9\u00a0pour\u00a0la promotion\u00a0du\u00a0tourisme\u00a0et\u00a0des\u00a0activit\u00e9s \u00e9conomiques\u00a0de\u00a0la\u00a0vall\u00e9e,\u00a0notamment pour\u00a0les\u00a0coop\u00e9ratives\u00a0(jus\u00a0de\u00a0pomme au village de Bouazmou, poulaillers au village d\u2019Agoudal,\u00a0artisanat dans toutes la vall\u00e9e)\u00a0qui\u00a0y\u00a0trouvent\u00a0des clients\u00a0potentiel. Pour la pratique du parapente, les trois endroits utilis\u00e9s le plus souvent sont la colline appel\u00e9e Tioura n\u2019Oualamghou, au-dessus d\u2019A\u00eft Amer, accessible par une piste de 2 km praticable avec n\u2019importe quelle voiture, le monticule situ\u00e9 derri\u00e8re l\u2019auberge Afoud, pr\u00e8s d\u2019Agoudal, et les \u00e9minences qui entourent le lac Isli.<\/p>\n","protected":false},"author":1,"featured_media":0,"parent":0,"menu_order":0,"comment_status":"closed","ping_status":"closed","template":"","meta":{"footnotes":""},"class_list":["post-197","page","type-page","status-publish","hentry"],"_links":{"self":[{"href":"https:\/\/akhiam.org\/tourisme\/wp-json\/wp\/v2\/pages\/197","targetHints":{"allow":["GET"]}}],"collection":[{"href":"https:\/\/akhiam.org\/tourisme\/wp-json\/wp\/v2\/pages"}],"about":[{"href":"https:\/\/akhiam.org\/tourisme\/wp-json\/wp\/v2\/types\/page"}],"author":[{"embeddable":true,"href":"https:\/\/akhiam.org\/tourisme\/wp-json\/wp\/v2\/users\/1"}],"replies":[{"embeddable":true,"href":"https:\/\/akhiam.org\/tourisme\/wp-json\/wp\/v2\/comments?post=197"}],"version-history":[{"count":4,"href":"https:\/\/akhiam.org\/tourisme\/wp-json\/wp\/v2\/pages\/197\/revisions"}],"predecessor-version":[{"id":382,"href":"https:\/\/akhiam.org\/tourisme\/wp-json\/wp\/v2\/pages\/197\/revisions\/382"}],"wp:attachment":[{"href":"https:\/\/akhiam.org\/tourisme\/wp-json\/wp\/v2\/media?parent=197"}],"curies":[{"name":"wp","href":"https:\/\/api.w.org\/{rel}","templated":true}]}}