{"id":163,"date":"2017-10-09T00:38:05","date_gmt":"2017-10-08T22:38:05","guid":{"rendered":"http:\/\/akhiam.org\/tourisme\/?page_id=163"},"modified":"2018-04-01T01:20:11","modified_gmt":"2018-03-31T23:20:11","slug":"images","status":"publish","type":"page","link":"https:\/\/akhiam.org\/tourisme\/auberges\/images\/","title":{"rendered":"Site"},"content":{"rendered":"<p style=\"margin-bottom: 8.0pt; line-height: 107%;\"><span style=\"font-size: 16.0pt; line-height: 107%; font-family: Gabriola;\">Le moussem se d\u00e9roule dans le village d&rsquo;A\u00eft Amer, situ\u00e9 \u00e0 25 km au sud d\u2019Imilchil, \u00e0 l\u2019intersection des routes de Rich et de Tineghir sur une surface vaste. Mais aussi d\u2019autres activit\u00e9s auront\u00a0 lieu \u00e0 Imilchil vers la nuit l\u00e0 o\u00f9 les auberges existent en quantit\u00e9.<\/span><\/p>\n<p><img loading=\"lazy\" decoding=\"async\" class=\"alignnone wp-image-242\" src=\"https:\/\/akhiam.org\/tourisme\/wp-content\/uploads\/2018\/02\/site_moussem-300x141.jpg\" alt=\"\" width=\"502\" height=\"236\" srcset=\"https:\/\/akhiam.org\/tourisme\/wp-content\/uploads\/2018\/02\/site_moussem-300x141.jpg 300w, https:\/\/akhiam.org\/tourisme\/wp-content\/uploads\/2018\/02\/site_moussem-768x361.jpg 768w, https:\/\/akhiam.org\/tourisme\/wp-content\/uploads\/2018\/02\/site_moussem-1024x481.jpg 1024w, https:\/\/akhiam.org\/tourisme\/wp-content\/uploads\/2018\/02\/site_moussem.jpg 1366w\" sizes=\"auto, (max-width: 502px) 100vw, 502px\" \/><\/p>\n","protected":false},"excerpt":{"rendered":"<p>Le moussem se d\u00e9roule dans le village d&rsquo;A\u00eft Amer, situ\u00e9 \u00e0 25 km au sud d\u2019Imilchil, \u00e0 l\u2019intersection des routes de Rich et de Tineghir sur une surface vaste. Mais aussi d\u2019autres activit\u00e9s auront\u00a0 lieu \u00e0 Imilchil vers la nuit l\u00e0 o\u00f9 les auberges existent en quantit\u00e9.<\/p>\n","protected":false},"author":1,"featured_media":0,"parent":67,"menu_order":0,"comment_status":"closed","ping_status":"closed","template":"","meta":{"footnotes":""},"class_list":["post-163","page","type-page","status-publish","hentry"],"_links":{"self":[{"href":"https:\/\/akhiam.org\/tourisme\/wp-json\/wp\/v2\/pages\/163","targetHints":{"allow":["GET"]}}],"collection":[{"href":"https:\/\/akhiam.org\/tourisme\/wp-json\/wp\/v2\/pages"}],"about":[{"href":"https:\/\/akhiam.org\/tourisme\/wp-json\/wp\/v2\/types\/page"}],"author":[{"embeddable":true,"href":"https:\/\/akhiam.org\/tourisme\/wp-json\/wp\/v2\/users\/1"}],"replies":[{"embeddable":true,"href":"https:\/\/akhiam.org\/tourisme\/wp-json\/wp\/v2\/comments?post=163"}],"version-history":[{"count":5,"href":"https:\/\/akhiam.org\/tourisme\/wp-json\/wp\/v2\/pages\/163\/revisions"}],"predecessor-version":[{"id":389,"href":"https:\/\/akhiam.org\/tourisme\/wp-json\/wp\/v2\/pages\/163\/revisions\/389"}],"up":[{"embeddable":true,"href":"https:\/\/akhiam.org\/tourisme\/wp-json\/wp\/v2\/pages\/67"}],"wp:attachment":[{"href":"https:\/\/akhiam.org\/tourisme\/wp-json\/wp\/v2\/media?parent=163"}],"curies":[{"name":"wp","href":"https:\/\/api.w.org\/{rel}","templated":true}]}}