{"id":158,"date":"2017-10-09T00:25:04","date_gmt":"2017-10-08T22:25:04","guid":{"rendered":"http:\/\/akhiam.org\/tourisme\/?page_id=158"},"modified":"2018-04-01T01:13:58","modified_gmt":"2018-03-31T23:13:58","slug":"moussem-des-fiancailles","status":"publish","type":"page","link":"https:\/\/akhiam.org\/tourisme\/moussem-des-fiancailles\/","title":{"rendered":"Activit\u00e9s"},"content":{"rendered":"<p>&nbsp;<\/p>\n<p style=\"text-align: justify; text-justify: inter-ideograph; margin: 6.0pt 0cm 6.0pt 0cm;\"><span style=\"font-size: 16.0pt; line-height: 107%; font-family: Gabriola;\">Le moussem est connu par plusieurs activit\u00e9s\u00a0; Culturelles qui se caract\u00e9risent par La participatio<\/span><\/p>\n<p><img loading=\"lazy\" decoding=\"async\" class=\"wp-image-316 aligncenter\" style=\"font-family: Gabriola; font-size: 21.3333px; text-align: justify;\" src=\"https:\/\/akhiam.org\/tourisme\/wp-content\/uploads\/2017\/10\/vente_batail-300x123.png\" alt=\"\" width=\"501\" height=\"205\" srcset=\"https:\/\/akhiam.org\/tourisme\/wp-content\/uploads\/2017\/10\/vente_batail-300x123.png 300w, https:\/\/akhiam.org\/tourisme\/wp-content\/uploads\/2017\/10\/vente_batail-768x315.png 768w, https:\/\/akhiam.org\/tourisme\/wp-content\/uploads\/2017\/10\/vente_batail.png 802w\" sizes=\"auto, (max-width: 501px) 100vw, 501px\" \/><\/p>\n<p style=\"text-align: justify; text-justify: inter-ideograph; margin: 6.0pt 0cm 6.0pt 0cm;\"><span style=\"font-size: 16.0pt; line-height: 107%; font-family: Gabriola;\">n des groupes folkloriques berb\u00e8res venus de diff\u00e9rentes r\u00e9gions\u00a0, touristiques ou commerciles notamment vente de b\u00e9tail.<\/span><\/p>\n<ul>\n<li style=\"text-align: justify; text-justify: inter-ideograph; text-indent: -18.0pt; margin: 6.0pt 0cm 6.0pt 36.0pt;\"><strong><span style=\"font-size: 18.0pt; line-height: 107%; font-family: Gabriola; background: yellow;\">Activit\u00e9s Culturelles\u00a0:<\/span><\/strong><\/li>\n<li style=\"text-align: justify; text-justify: inter-ideograph; text-indent: -18.0pt; margin: 6.0pt 0cm 6.0pt 36.0pt;\"><span style=\"font-size: 16.0pt; line-height: 107%; font-family: Gabriola;\"><span style=\"font-size: 16.0pt; line-height: 107%; font-family: Gabriola;\">Animation folkroriques\u00a0: chaque soir\u00e9 des trois jours du moussem est anim\u00e9e par des groupes folkloriques venus de<\/span><\/span>\u00a0<img loading=\"lazy\" decoding=\"async\" class=\" wp-image-311 alignleft\" src=\"https:\/\/akhiam.org\/tourisme\/wp-content\/uploads\/2017\/10\/moussem_music-300x200.jpg\" alt=\"\" width=\"287\" height=\"191\" srcset=\"https:\/\/akhiam.org\/tourisme\/wp-content\/uploads\/2017\/10\/moussem_music-300x200.jpg 300w, https:\/\/akhiam.org\/tourisme\/wp-content\/uploads\/2017\/10\/moussem_music-768x512.jpg 768w, https:\/\/akhiam.org\/tourisme\/wp-content\/uploads\/2017\/10\/moussem_music-1024x683.jpg 1024w, https:\/\/akhiam.org\/tourisme\/wp-content\/uploads\/2017\/10\/moussem_music.jpg 1500w\" sizes=\"auto, (max-width: 287px) 100vw, 287px\" \/><img loading=\"lazy\" decoding=\"async\" class=\" wp-image-220 alignright\" src=\"https:\/\/akhiam.org\/tourisme\/wp-content\/uploads\/2018\/02\/Ahidous.jpg\" alt=\"\" width=\"276\" height=\"182\" \/><span style=\"font-size: 16.0pt; line-height: 107%; font-family: Gabriola;\">\u00a0 diff\u00e9rentes r\u00e9gions, sans oublier la participation importante des groupes locaux.<\/span><\/li>\n<\/ul>\n<p>&nbsp;<\/p>\n<p>&nbsp;<\/p>\n<ul>\n<li style=\"text-align: justify; text-justify: inter-ideograph; text-indent: -18.0pt; margin: 6.0pt 0cm 6.0pt 36.0pt;\"><strong><span style=\"font-size: 18.0pt; line-height: 107%; font-family: Gabriola; background: yellow;\">Activit\u00e9 d\u2019officialisation du mariage\u00a0:<\/span><\/strong><\/li>\n<\/ul>\n<p style=\"text-align: justify; text-justify: inter-ideograph; margin: 6.0pt 0cm 6.0pt 0cm;\"><span style=\"font-size: 16.0pt; line-height: 107%; font-family: Gabriola;\">\u00a0les mari\u00e9s des tribus d&rsquo;A\u00eft Hdiddou, d&rsquo;A\u00eft Abdi, d&rsquo;A\u00eft Brahim, d&rsquo;A\u00eft Chakhman\u00e0 se donnent rendez-vous au<\/span> <span style=\"font-size: 16.0pt; line-height: 107%; font-family: Gabriola;\">Moussem, par\u00e9s de leurs plus beaux costumes traditionnels, pour f\u00eater cette heureuse occasion dans une ambiance d&rsquo;all\u00e9gresse. En fait, et contrairement \u00e0 l&rsquo;id\u00e9e r\u00e9pandue que les mari\u00e9s font connaissance en plein Moussem, les couples se pr\u00e9sentant, \u00e0 tour de r\u00f4le, devant les \u00a0\u00bb Adouls \u00ab\u00a0, entendent \u00e0 la fois officialiser leur union d\u00e9j\u00e0 d\u00e9cid\u00e9e dans leurs douars, perp\u00e9tuant ainsi une tradition s\u00e9culaire.\u00a0<\/span><\/p>\n<p><img loading=\"lazy\" decoding=\"async\" class=\"wp-image-309 alignleft\" src=\"https:\/\/akhiam.org\/tourisme\/wp-content\/uploads\/2017\/10\/moussem_mariage-300x200.jpg\" alt=\"\" width=\"382\" height=\"254\" srcset=\"https:\/\/akhiam.org\/tourisme\/wp-content\/uploads\/2017\/10\/moussem_mariage-300x200.jpg 300w, https:\/\/akhiam.org\/tourisme\/wp-content\/uploads\/2017\/10\/moussem_mariage-768x512.jpg 768w, https:\/\/akhiam.org\/tourisme\/wp-content\/uploads\/2017\/10\/moussem_mariage-1024x683.jpg 1024w, https:\/\/akhiam.org\/tourisme\/wp-content\/uploads\/2017\/10\/moussem_mariage.jpg 1500w\" sizes=\"auto, (max-width: 382px) 100vw, 382px\" \/><\/p>\n<p><img loading=\"lazy\" decoding=\"async\" class=\" wp-image-310\" src=\"https:\/\/akhiam.org\/tourisme\/wp-content\/uploads\/2017\/10\/moussem_mariage2-300x215.jpg\" alt=\"\" width=\"361\" height=\"259\" srcset=\"https:\/\/akhiam.org\/tourisme\/wp-content\/uploads\/2017\/10\/moussem_mariage2-300x215.jpg 300w, https:\/\/akhiam.org\/tourisme\/wp-content\/uploads\/2017\/10\/moussem_mariage2-768x550.jpg 768w, https:\/\/akhiam.org\/tourisme\/wp-content\/uploads\/2017\/10\/moussem_mariage2-1024x733.jpg 1024w, https:\/\/akhiam.org\/tourisme\/wp-content\/uploads\/2017\/10\/moussem_mariage2.jpg 1500w\" sizes=\"auto, (max-width: 361px) 100vw, 361px\" \/><\/p>\n<ul>\n<li style=\"text-align: justify; text-justify: inter-ideograph; text-indent: -18.0pt; margin: 6.0pt 0cm 6.0pt 36.0pt;\"><strong><span style=\"font-size: 18.0pt; line-height: 107%; font-family: Gabriola; background: yellow;\">Activit\u00e9s commerciales\u00a0:<\/span><\/strong><\/li>\n<\/ul>\n<p style=\"text-align: justify; text-justify: inter-ideograph; margin: 6.0pt 0cm 6.0pt 0cm;\"><span style=\"font-size: 16.0pt; line-height: 107%; font-family: Gabriola;\">Le\u00a0<em>moussem<\/em>\u00a0g\u00e9n\u00e8re une activit\u00e9 commerciale consid\u00e9rable : de nombreux commer\u00e7ants affluent de tout le pays. Car c\u2019est l\u2019occasion pour les gens d\u2019 Ait Hdidiou, d\u2019une part, de se d\u00e9barrasser du b\u00e9tail, des produits agricoles et des manufactures traditionnelles, comme les ornements d&rsquo;argent, les ustensiles de chalet en porcelaine et l&rsquo;Atlantique. Mais la chose la plus importante pour eux, vue \u00e0 la concurrence des commer\u00e7ants, la proximit\u00e9 des produits et la diversit\u00e9 des produits expos\u00e9s, et d\u2019acheter le n\u00e9cessaire. (Immobiliers locals\u00a0: Portes en fer ou en bois\u2026 &#8211; Mat\u00e9riels d\u2019agriculture ou pour d\u2019autres secteurs \u2013 Artisanat \u2013 Fournitures pour les mois d\u2019hiver -\u2026)<\/span><\/p>\n<p><img loading=\"lazy\" decoding=\"async\" class=\" wp-image-314 alignleft\" src=\"https:\/\/akhiam.org\/tourisme\/wp-content\/uploads\/2017\/10\/moussem2-300x300.jpg\" alt=\"\" width=\"246\" height=\"246\" srcset=\"https:\/\/akhiam.org\/tourisme\/wp-content\/uploads\/2017\/10\/moussem2-300x300.jpg 300w, https:\/\/akhiam.org\/tourisme\/wp-content\/uploads\/2017\/10\/moussem2-150x150.jpg 150w, https:\/\/akhiam.org\/tourisme\/wp-content\/uploads\/2017\/10\/moussem2.jpg 400w\" sizes=\"auto, (max-width: 246px) 100vw, 246px\" \/><\/p>\n<p><img loading=\"lazy\" decoding=\"async\" class=\" wp-image-313\" src=\"https:\/\/akhiam.org\/tourisme\/wp-content\/uploads\/2017\/10\/moussem_vetem_utilis\u00e9-300x200.jpg\" alt=\"\" width=\"369\" height=\"246\" srcset=\"https:\/\/akhiam.org\/tourisme\/wp-content\/uploads\/2017\/10\/moussem_vetem_utilis\u00e9-300x200.jpg 300w, https:\/\/akhiam.org\/tourisme\/wp-content\/uploads\/2017\/10\/moussem_vetem_utilis\u00e9-768x512.jpg 768w, https:\/\/akhiam.org\/tourisme\/wp-content\/uploads\/2017\/10\/moussem_vetem_utilis\u00e9-1024x683.jpg 1024w, https:\/\/akhiam.org\/tourisme\/wp-content\/uploads\/2017\/10\/moussem_vetem_utilis\u00e9.jpg 1500w\" sizes=\"auto, (max-width: 369px) 100vw, 369px\" \/><\/p>\n<p><img loading=\"lazy\" decoding=\"async\" class=\"size-medium wp-image-312 alignleft\" src=\"https:\/\/akhiam.org\/tourisme\/wp-content\/uploads\/2017\/10\/moussem_vast-300x199.jpg\" alt=\"\" width=\"300\" height=\"199\" srcset=\"https:\/\/akhiam.org\/tourisme\/wp-content\/uploads\/2017\/10\/moussem_vast-300x199.jpg 300w, https:\/\/akhiam.org\/tourisme\/wp-content\/uploads\/2017\/10\/moussem_vast-768x509.jpg 768w, https:\/\/akhiam.org\/tourisme\/wp-content\/uploads\/2017\/10\/moussem_vast.jpg 800w\" sizes=\"auto, (max-width: 300px) 100vw, 300px\" \/><\/p>\n<p><img loading=\"lazy\" decoding=\"async\" class=\"size-medium wp-image-307\" src=\"https:\/\/akhiam.org\/tourisme\/wp-content\/uploads\/2017\/10\/moussem_legum-300x200.jpg\" alt=\"\" width=\"300\" height=\"200\" srcset=\"https:\/\/akhiam.org\/tourisme\/wp-content\/uploads\/2017\/10\/moussem_legum-300x200.jpg 300w, https:\/\/akhiam.org\/tourisme\/wp-content\/uploads\/2017\/10\/moussem_legum-768x512.jpg 768w, https:\/\/akhiam.org\/tourisme\/wp-content\/uploads\/2017\/10\/moussem_legum-1024x683.jpg 1024w, https:\/\/akhiam.org\/tourisme\/wp-content\/uploads\/2017\/10\/moussem_legum.jpg 1500w\" sizes=\"auto, (max-width: 300px) 100vw, 300px\" \/><\/p>\n<p><img loading=\"lazy\" decoding=\"async\" class=\" wp-image-305\" src=\"https:\/\/akhiam.org\/tourisme\/wp-content\/uploads\/2017\/10\/moussem_forgeron-300x200.jpg\" alt=\"\" width=\"461\" height=\"307\" srcset=\"https:\/\/akhiam.org\/tourisme\/wp-content\/uploads\/2017\/10\/moussem_forgeron-300x200.jpg 300w, https:\/\/akhiam.org\/tourisme\/wp-content\/uploads\/2017\/10\/moussem_forgeron-768x512.jpg 768w, https:\/\/akhiam.org\/tourisme\/wp-content\/uploads\/2017\/10\/moussem_forgeron-1024x683.jpg 1024w, https:\/\/akhiam.org\/tourisme\/wp-content\/uploads\/2017\/10\/moussem_forgeron.jpg 1500w\" sizes=\"auto, (max-width: 461px) 100vw, 461px\" \/><\/p>\n<p style=\"text-align: justify; text-justify: inter-ideograph; margin: 6.0pt 0cm 6.0pt 0cm;\"><span style=\"font-size: 16.0pt; line-height: 107%; font-family: Gabriola;\">\u00a0\u00a0\u00a0\u00a0\u00a0 <\/span><\/p>\n<p style=\"text-align: justify; text-justify: inter-ideograph; margin: 6.0pt 0cm 6.0pt 0cm;\"><span style=\"font-size: 16.0pt; line-height: 107%; font-family: Gabriola;\">\u00a0<\/span><\/p>\n<p style=\"text-align: justify; text-justify: inter-ideograph; margin: 6.0pt 0cm 6.0pt 0cm;\"><span style=\"font-size: 16.0pt; line-height: 107%; font-family: Gabriola;\">\u00a0<\/span><\/p>\n<ul>\n<li style=\"text-align: justify; text-justify: inter-ideograph; text-indent: -18.0pt; margin: 6.0pt 0cm 6.0pt 36.0pt;\"><strong><span style=\"font-size: 18.0pt; line-height: 107%; font-family: Gabriola; background: yellow;\">Activit\u00e9s religieuses\u00a0:<\/span><\/strong><\/li>\n<\/ul>\n<p style=\"text-align: justify; text-justify: inter-ideograph; margin: 6.0pt 0cm 6.0pt 36.0pt;\"><span style=\"font-size: 16.0pt; line-height: 107%; font-family: Gabriola;\">La porte de la tombe du Marabou Sidi Hmad Oul Mghanni reste ouverte durant les trois jours du moussem pour les visiteurs.<\/span><\/p>\n<p><img loading=\"lazy\" decoding=\"async\" class=\" wp-image-308\" src=\"https:\/\/akhiam.org\/tourisme\/wp-content\/uploads\/2017\/10\/moussem_marabo-300x200.jpg\" alt=\"\" width=\"405\" height=\"270\" srcset=\"https:\/\/akhiam.org\/tourisme\/wp-content\/uploads\/2017\/10\/moussem_marabo-300x200.jpg 300w, https:\/\/akhiam.org\/tourisme\/wp-content\/uploads\/2017\/10\/moussem_marabo-768x512.jpg 768w, https:\/\/akhiam.org\/tourisme\/wp-content\/uploads\/2017\/10\/moussem_marabo-1024x683.jpg 1024w, https:\/\/akhiam.org\/tourisme\/wp-content\/uploads\/2017\/10\/moussem_marabo.jpg 1500w\" sizes=\"auto, (max-width: 405px) 100vw, 405px\" \/><\/p>\n","protected":false},"excerpt":{"rendered":"<p>&nbsp; Le moussem est connu par plusieurs activit\u00e9s\u00a0; Culturelles qui se caract\u00e9risent par La participatio n des groupes folkloriques berb\u00e8res venus de diff\u00e9rentes r\u00e9gions\u00a0, touristiques ou commerciles notamment vente de b\u00e9tail. Activit\u00e9s Culturelles\u00a0: Animation folkroriques\u00a0: chaque soir\u00e9 des trois jours du moussem est anim\u00e9e par des groupes folkloriques venus de\u00a0\u00a0 diff\u00e9rentes r\u00e9gions, sans oublier la participation importante des groupes locaux. &nbsp; &nbsp; Activit\u00e9 d\u2019officialisation du mariage\u00a0: \u00a0les mari\u00e9s des tribus d&rsquo;A\u00eft Hdiddou, d&rsquo;A\u00eft Abdi, d&rsquo;A\u00eft Brahim, d&rsquo;A\u00eft Chakhman\u00e0 se donnent rendez-vous au Moussem, par\u00e9s de leurs plus beaux costumes traditionnels, pour f\u00eater cette heureuse occasion dans une ambiance d&rsquo;all\u00e9gresse. En fait, et contrairement \u00e0 l&rsquo;id\u00e9e r\u00e9pandue que les mari\u00e9s font connaissance en plein Moussem, les couples se pr\u00e9sentant, \u00e0 tour de r\u00f4le, devant les \u00a0\u00bb Adouls \u00ab\u00a0, entendent \u00e0 la fois officialiser leur union d\u00e9j\u00e0 d\u00e9cid\u00e9e dans leurs douars, perp\u00e9tuant ainsi une tradition s\u00e9culaire.\u00a0 Activit\u00e9s commerciales\u00a0: Le\u00a0moussem\u00a0g\u00e9n\u00e8re une activit\u00e9 commerciale consid\u00e9rable : de nombreux commer\u00e7ants affluent de tout le pays. Car c\u2019est l\u2019occasion pour les gens d\u2019 Ait Hdidiou, d\u2019une part, de se d\u00e9barrasser du b\u00e9tail, des produits agricoles et des manufactures traditionnelles, comme les ornements d&rsquo;argent, les ustensiles de chalet en porcelaine et l&rsquo;Atlantique. Mais la chose la plus [&#8230;]<\/p>\n","protected":false},"author":1,"featured_media":0,"parent":0,"menu_order":0,"comment_status":"closed","ping_status":"closed","template":"","meta":{"footnotes":""},"class_list":["post-158","page","type-page","status-publish","hentry"],"_links":{"self":[{"href":"https:\/\/akhiam.org\/tourisme\/wp-json\/wp\/v2\/pages\/158","targetHints":{"allow":["GET"]}}],"collection":[{"href":"https:\/\/akhiam.org\/tourisme\/wp-json\/wp\/v2\/pages"}],"about":[{"href":"https:\/\/akhiam.org\/tourisme\/wp-json\/wp\/v2\/types\/page"}],"author":[{"embeddable":true,"href":"https:\/\/akhiam.org\/tourisme\/wp-json\/wp\/v2\/users\/1"}],"replies":[{"embeddable":true,"href":"https:\/\/akhiam.org\/tourisme\/wp-json\/wp\/v2\/comments?post=158"}],"version-history":[{"count":11,"href":"https:\/\/akhiam.org\/tourisme\/wp-json\/wp\/v2\/pages\/158\/revisions"}],"predecessor-version":[{"id":383,"href":"https:\/\/akhiam.org\/tourisme\/wp-json\/wp\/v2\/pages\/158\/revisions\/383"}],"wp:attachment":[{"href":"https:\/\/akhiam.org\/tourisme\/wp-json\/wp\/v2\/media?parent=158"}],"curies":[{"name":"wp","href":"https:\/\/api.w.org\/{rel}","templated":true}]}}