{"id":12,"date":"2017-10-04T23:26:19","date_gmt":"2017-10-04T21:26:19","guid":{"rendered":"http:\/\/akhiam.org\/tourisme\/?page_id=12"},"modified":"2018-03-29T18:06:17","modified_gmt":"2018-03-29T16:06:17","slug":"poten_naturelles","status":"publish","type":"page","link":"https:\/\/akhiam.org\/tourisme\/page-d-exemple\/poten_naturelles\/","title":{"rendered":"Poten_Naturelles"},"content":{"rendered":"<p style=\"margin: 6.0pt 0cm 6.0pt 0cm;\"><span style=\"font-size: 16.0pt; line-height: 107%; font-family: Gabriola;\">e tourisme durable dans la <strong>r\u00e9gion d\u2019Imilchil <\/strong>attire chaque ann\u00e9e de nombreux touristes et il attire \u00e9galement les randonneurs et les amateurs de l\u2019escalade en montagne. <\/span><\/p>\n<p style=\"margin: 6.0pt 0cm 6.0pt 0cm;\"><span style=\"font-size: 16.0pt; line-height: 107%; font-family: Gabriola;\">Imilchil, situ\u00e9 \u00e0 5 heures de route de la capitale touristique du Royaume (Marrakech). Ce site est une destination touristique gr\u00e2ce \u00e0 ses diverses potentialit\u00e9s dont le <strong>moussem des fian\u00e7ailles <\/strong>qui est de renomm\u00e9 internationale. <\/span><\/p>\n<p style=\"margin: 6.0pt 0cm 6.0pt 0cm;\"><strong><span style=\"font-size: 16.0pt; line-height: 107%; font-family: Gabriola;\">Le territoire d\u2019Imilchil\u00a0 <\/span><\/strong><span style=\"font-size: 16.0pt; line-height: 107%; font-family: Gabriola;\">rec\u00e8le des potentialit\u00e9s touristiques Naturelles tr\u00e8s int\u00e9ressantes. Parmi ces potentialit\u00e9s on trouve : <\/span><\/p>\n<p style=\"margin: 6.0pt 0cm 6.0pt 0cm;\"><span style=\"font-size: 16.0pt; line-height: 107%; font-family: Gabriola;\">&#8211; <strong>Les Lacs mystiques : Isli et Tislite <\/strong>: s\u2019\u00e9tendant respectivement sur des superficies de 80 et 240 ha, ces deux lacs sont des sites d\u2019Int\u00e9r\u00eat biologique et \u00e9cologique class\u00e9s dans la liste<\/span><\/p>\n<p><img loading=\"lazy\" decoding=\"async\" class=\" wp-image-148 alignright\" style=\"font-family: Gabriola; font-size: 21.3333px;\" src=\"https:\/\/akhiam.org\/tourisme\/wp-content\/uploads\/2017\/10\/cropped-cropped-tizlit-300x100.jpg\" alt=\"\" width=\"183\" height=\"61\" srcset=\"https:\/\/akhiam.org\/tourisme\/wp-content\/uploads\/2017\/10\/cropped-cropped-tizlit-300x100.jpg 300w, https:\/\/akhiam.org\/tourisme\/wp-content\/uploads\/2017\/10\/cropped-cropped-tizlit.jpg 480w\" sizes=\"auto, (max-width: 183px) 100vw, 183px\" \/><\/p>\n<p style=\"margin: 6.0pt 0cm 6.0pt 0cm;\"><span style=\"font-size: 16.0pt; line-height: 107%; font-family: Gabriola;\">\u00a0RAMSAR<a href=\"#_ftn1\" name=\"_ftnref1\">[1]<\/a> comme zone humide d\u2019importance \u00e9cologique mondiale.<\/span><\/p>\n<p style=\"margin: 6.0pt 0cm 6.0pt 0cm;\"><span style=\"font-size: 16.0pt; line-height: 107%; font-family: Gabriola;\">\u00a0<\/span><\/p>\n<p style=\"margin: 6.0pt 0cm 6.0pt 0cm;\"><span style=\"font-size: 16.0pt; line-height: 107%; font-family: Gabriola;\">&#8211; <strong>Gorges Assif-Melloul <\/strong>renfermant des paysages fabuleux et des terrasses de cultures fa\u00e7onn\u00e9es par les populations locales dont le g\u00e9nie de leur savoir-faire remonte \u00e0 plusieurs si\u00e8cles. 24 Villages sont implant\u00e9s le long de la vall\u00e9e de l\u2019Assif-Melloul \u00a0dont six ne sont accessibles qu\u2019\u00e0 dos de mulets. <\/span><\/p>\n<p style=\"margin: 6.0pt 0cm 6.0pt 0cm;\"><span style=\"font-size: 16.0pt; line-height: 107%; font-family: Gabriola;\">\u00a0<\/span><\/p>\n<p style=\"margin: 6.0pt 0cm 6.0pt 0cm;\"><span style=\"font-size: 16.0pt; line-height: 107%; font-family: Gabriola;\">&#8211; <strong>Grottes d\u2019Akhiam <\/strong>: Situ\u00e9es \u00e0 l\u2019amont de la vall\u00e9e de l\u2019Assif-Melloul \u00a0ces grottes pr\u00e9sentent un atout consid\u00e9rable pour les touristes amateurs de d\u00e9couverte des secrets de la nature. N\u2019ayant jamais fait l\u2019objet d\u2019\u00e9tude sp\u00e9l\u00e9ologique, ces grottes peuvent faire l\u2019objet de recherche scientifiques et de visite comment\u00e9es au profit des \u00e9tudiants universitaires. L\u2019entr\u00e9e sup\u00e9rieure de la grotte d\u2019Akhiam est le lieu saint consacr\u00e9 par les A\u00eft<img loading=\"lazy\" decoding=\"async\" class=\"size-full wp-image-223 alignright\" src=\"https:\/\/akhiam.org\/tourisme\/wp-content\/uploads\/2018\/02\/akhiam_paysage.jpg\" alt=\"\" width=\"149\" height=\"112\" srcset=\"https:\/\/akhiam.org\/tourisme\/wp-content\/uploads\/2018\/02\/akhiam_paysage.jpg 149w, https:\/\/akhiam.org\/tourisme\/wp-content\/uploads\/2018\/02\/akhiam_paysage-70x53.jpg 70w\" sizes=\"auto, (max-width: 149px) 100vw, 149px\" \/> Hdiddou. Elle se pr\u00e9sente sous forme d\u2019une vo\u00fbte o\u00f9 les p\u00e8lerins accrochent en exvoto des brins de laine, des lambeaux de v\u00eatements, des amulettes, des colliers de cheveux, des peignes, etc. Au-Dessous de cette vo\u00fbte se trouve des stalactites ayant la forme d\u2019une table \u00e0 couscous et d\u2019un pain de sucre. Les pierres sont devenues des objets de pi\u00e9t\u00e9 pour les A\u00eft Hdiddou. Une source jaillit pr\u00e8s de la grotte et retombe en cascade d\u2019une trentaine de m\u00e8tre de hauteur. Cette source est consid\u00e9r\u00e9e comme un lieu de p\u00e8lerinage par les A\u00eft Hdiddou de l\u2019Assif-Melloul . Les d\u00e9votions ont lieu chaque dimanche pendant la belle saison. Les femmes viennent s\u2019y purifier en s\u2019y douchant avant d\u2019entreprendre le p\u00e8lerinage \u00e0 la grotte sacr\u00e9e. La l\u00e9gende veut que les eaux de la cascade s\u2019\u00e9cartent des personnes venues pour prier et qui n\u2019ont pas la foi sinc\u00e8re au moment des ablutions. <\/span><\/p>\n<p style=\"margin: 6.0pt 0cm 6.0pt 0cm;\"><span style=\"font-size: 16.0pt; line-height: 107%; font-family: Gabriola;\">&#8211; <strong>Cascades d\u2019Agouni <\/strong>: Accessibles \u00e0 pieds ou \u00e0 dos d\u2019\u00e2ne et situ\u00e9es \u00e0 4 km du village AkkaNwanine et \u00e0 une quinzaine de kilom\u00e8tre du village Imilchil, ces cascades repr\u00e9sentent un site touristique d\u2019une grande importance surtout pour les naturalistes et les touristes pratiquant la randonn\u00e9e p\u00e9destre. Dans les circuits de randonn\u00e9e aussi bien de travers\u00e9e de l\u2019Atlas que les circuits en boucle, les guides de montagne marquent toujours un arr\u00eat pr\u00e8s de ces cascades (g\u00e9n\u00e9ralement pour casser la croute et profiter de la fraicheur du site). Situ\u00e9e \u00e0 environ 2 Km du village AkkaNouanine, cette belle cascade conforte les randonneurs assoiff\u00e9s par la marche en terrain plus au moins accident\u00e9 de montagne. Pr\u00e8s de cette cascade se trouve la source carstique de Agouni o\u00f9 les randonneurs remplissent leurs gourdes. <\/span><\/p>\n<p style=\"margin: 6.0pt 0cm 6.0pt 0cm;\"><span style=\"font-size: 16.0pt; line-height: 107%; font-family: Gabriola;\">&#8211; <strong>Les vall\u00e9es d\u2019Ait Ihya et d\u2019Outerbate <\/strong>Offrant une grande vari\u00e9t\u00e9 de paysages et de reliefs dont certains renferment des montagnes avec des sommets d\u00e9passant les 3500 m\u00e8tres (jbelberdouz et Msdrid) consid\u00e9r\u00e9s comme le berceau du mouflon \u00e0 manchettes. En amont de la vall\u00e9e d\u2019Ait Ihya se trouve la for\u00eat de c\u00e8dre AQDAR lieu de d\u00e9couverte sportive ou familiale et une destination de randonneurs \u00e0 la recherche de l&rsquo;exploration et les sensations fortes. <\/span><\/p>\n<p style=\"margin: 6.0pt 0cm 6.0pt 0cm;\"><span style=\"font-size: 16.0pt; line-height: 107%; font-family: Gabriola;\">&#8211; <strong>Sel des mines roses <\/strong>: Entre Imilchil et\u00a0 Ait Hani se trouvent le gisement de sel qui constituait une sources de revenus dans le pass\u00e9 pour les autochtones. <img loading=\"lazy\" decoding=\"async\" class=\" wp-image-233 alignright\" src=\"https:\/\/akhiam.org\/tourisme\/wp-content\/uploads\/2018\/02\/MINE-SEL-300x225.jpg\" alt=\"\" width=\"179\" height=\"134\" srcset=\"https:\/\/akhiam.org\/tourisme\/wp-content\/uploads\/2018\/02\/MINE-SEL-300x225.jpg 300w, https:\/\/akhiam.org\/tourisme\/wp-content\/uploads\/2018\/02\/MINE-SEL-174x131.jpg 174w, https:\/\/akhiam.org\/tourisme\/wp-content\/uploads\/2018\/02\/MINE-SEL-70x53.jpg 70w, https:\/\/akhiam.org\/tourisme\/wp-content\/uploads\/2018\/02\/MINE-SEL.jpg 640w\" sizes=\"auto, (max-width: 179px) 100vw, 179px\" \/>Jusqu\u2019\u00e0 un pass\u00e9 relativement r\u00e9cent, les populations de la r\u00e9gion effectuaient le troc en \u00e9changeant le sel avec des dates au niveau des oasis pr\u00e9sahariennes <\/span><\/p>\n<p>&nbsp;<\/p>\n<p style=\"margin: 0cm; margin-bottom: .0001pt; background: white;\"><a href=\"#_ftnref1\" name=\"_ftn1\"><span style=\"font-size: 12.0pt; line-height: 107%; font-family: 'Times New Roman',serif;\">[1]<\/span><\/a> <span style=\"font-family: 'Verdana',sans-serif; color: #363a2f;\">La Convention sur les zones humides, appel\u00e9e Convention de Ramsar, est un trait\u00e9 intergouvernemental qui sert de cadre \u00e0 l\u2019action nationale et \u00e0 la coop\u00e9ration internationale pour la conservation et l\u2019utilisation rationnelle des zones humides et de leurs ressources.<\/span><\/p>\n<p style=\"background: white; margin: 12.0pt 0cm .0001pt 0cm;\"><span style=\"font-size: 9.0pt; font-family: 'Verdana',sans-serif; color: #363a2f;\">Nombre de Parties contractantes:\u00a0<\/span><strong><span style=\"font-size: 8.5pt; font-family: 'proxima_nova_ltsemibold',serif; color: #363a2f;\">169<\/span><\/strong><\/p>\n<p style=\"margin: 0cm; margin-bottom: .0001pt; background: white;\"><span style=\"font-size: 9.0pt; font-family: 'Verdana',sans-serif; color: #363a2f;\">Nombre de Sites Ramsar:\u00a0<\/span><strong><span style=\"font-size: 8.5pt; font-family: 'proxima_nova_ltsemibold',serif; color: #363a2f;\">\u00a0<\/span><\/strong><span style=\"font-size: 8.5pt; font-family: 'proxima_nova_ltsemibold',serif; color: #363a2f;\">2,290<\/span><\/p>\n<p style=\"margin: 0cm; margin-bottom: .0001pt; background: white;\"><span style=\"font-size: 9.0pt; font-family: 'Verdana',sans-serif; color: #363a2f;\">Surface totale de sites d\u00e9sign\u00e9s:\u00a0<\/span><strong><span style=\"font-size: 8.5pt; font-family: 'proxima_nova_ltsemibold',serif; color: #363a2f;\">\u00a0<\/span><\/strong><span style=\"font-size: 8.5pt; font-family: 'proxima_nova_ltsemibold',serif; color: #363a2f;\">225,411,940 ha<\/span><\/p>\n<p>&nbsp;<\/p>\n","protected":false},"excerpt":{"rendered":"<p>e tourisme durable dans la r\u00e9gion d\u2019Imilchil attire chaque ann\u00e9e de nombreux touristes et il attire \u00e9galement les randonneurs et les amateurs de l\u2019escalade en montagne. Imilchil, situ\u00e9 \u00e0 5 heures de route de la capitale touristique du Royaume (Marrakech). Ce site est une destination touristique gr\u00e2ce \u00e0 ses diverses potentialit\u00e9s dont le moussem des fian\u00e7ailles qui est de renomm\u00e9 internationale. Le territoire d\u2019Imilchil\u00a0 rec\u00e8le des potentialit\u00e9s touristiques Naturelles tr\u00e8s int\u00e9ressantes. Parmi ces potentialit\u00e9s on trouve : &#8211; Les Lacs mystiques : Isli et Tislite : s\u2019\u00e9tendant respectivement sur des superficies de 80 et 240 ha, ces deux lacs sont des sites d\u2019Int\u00e9r\u00eat biologique et \u00e9cologique class\u00e9s dans la liste \u00a0RAMSAR[1] comme zone humide d\u2019importance \u00e9cologique mondiale. \u00a0 &#8211; Gorges Assif-Melloul renfermant des paysages fabuleux et des terrasses de cultures fa\u00e7onn\u00e9es par les populations locales dont le g\u00e9nie de leur savoir-faire remonte \u00e0 plusieurs si\u00e8cles. 24 Villages sont implant\u00e9s le long de la vall\u00e9e de l\u2019Assif-Melloul \u00a0dont six ne sont accessibles qu\u2019\u00e0 dos de mulets. \u00a0 &#8211; Grottes d\u2019Akhiam : Situ\u00e9es \u00e0 l\u2019amont de la vall\u00e9e de l\u2019Assif-Melloul \u00a0ces grottes pr\u00e9sentent un atout consid\u00e9rable pour les touristes amateurs de d\u00e9couverte des secrets de la nature. N\u2019ayant jamais fait l\u2019objet d\u2019\u00e9tude [&#8230;]<\/p>\n","protected":false},"author":1,"featured_media":0,"parent":2,"menu_order":0,"comment_status":"closed","ping_status":"closed","template":"","meta":{"footnotes":""},"class_list":["post-12","page","type-page","status-publish","hentry"],"_links":{"self":[{"href":"https:\/\/akhiam.org\/tourisme\/wp-json\/wp\/v2\/pages\/12","targetHints":{"allow":["GET"]}}],"collection":[{"href":"https:\/\/akhiam.org\/tourisme\/wp-json\/wp\/v2\/pages"}],"about":[{"href":"https:\/\/akhiam.org\/tourisme\/wp-json\/wp\/v2\/types\/page"}],"author":[{"embeddable":true,"href":"https:\/\/akhiam.org\/tourisme\/wp-json\/wp\/v2\/users\/1"}],"replies":[{"embeddable":true,"href":"https:\/\/akhiam.org\/tourisme\/wp-json\/wp\/v2\/comments?post=12"}],"version-history":[{"count":6,"href":"https:\/\/akhiam.org\/tourisme\/wp-json\/wp\/v2\/pages\/12\/revisions"}],"predecessor-version":[{"id":293,"href":"https:\/\/akhiam.org\/tourisme\/wp-json\/wp\/v2\/pages\/12\/revisions\/293"}],"up":[{"embeddable":true,"href":"https:\/\/akhiam.org\/tourisme\/wp-json\/wp\/v2\/pages\/2"}],"wp:attachment":[{"href":"https:\/\/akhiam.org\/tourisme\/wp-json\/wp\/v2\/media?parent=12"}],"curies":[{"name":"wp","href":"https:\/\/api.w.org\/{rel}","templated":true}]}}